{"id":156,"date":"2017-11-06T10:51:36","date_gmt":"2017-11-06T14:51:36","guid":{"rendered":"http:\/\/museodorbigny.org\/?page_id=156"},"modified":"2022-05-22T14:38:33","modified_gmt":"2022-05-22T18:38:33","slug":"inicio","status":"publish","type":"page","link":"http:\/\/museodorbigny.org\/","title":{"rendered":"Inicio"},"content":{"rendered":"<div class=\"fl-builder-content fl-builder-content-156\" data-post-id=\"156\"><div class=\"fl-row fl-row-fixed-width fl-row-bg-none fl-node-5a9d90beaa3ae\" data-node=\"5a9d90beaa3ae\">\n\t<div class=\"fl-row-content-wrap\">\n\t\t\t\t\t\t<div class=\"fl-row-content fl-row-fixed-width fl-node-content\">\n\t\t\n<div class=\"fl-col-group fl-node-5a9d90bead5f5\" data-node=\"5a9d90bead5f5\">\n\t\t\t<div class=\"fl-col fl-node-5a9d90bead68b\" data-node=\"5a9d90bead68b\">\n\t<div class=\"fl-col-content fl-node-content\">\n\t<div class=\"fl-module fl-module-rich-text fl-node-5ca23b0701176\" data-node=\"5ca23b0701176\">\n\t<div class=\"fl-module-content fl-node-content\">\n\t\t<div class=\"fl-rich-text\">\n\t<h2 style=\"text-align: center;\"><a href=\"http:\/\/museodorbigny.org\/?page_id=700\"><strong><em>LANZAMIENTO ESPECIAL PALEONTOLOG\u00cdA<br \/>\n\"Ruta de migraci\u00f3n los Dinosaurios en Bolivia\"<\/em><\/strong><\/a><\/h2>\n<p>&nbsp;<\/p>\n<\/div>\n\t<\/div>\n<\/div>\n\t<\/div>\n<\/div>\n\t<\/div>\n\t\t<\/div>\n\t<\/div>\n<\/div>\n<div class=\"fl-row fl-row-fixed-width fl-row-bg-none fl-node-5eb0a9c9b9072\" data-node=\"5eb0a9c9b9072\">\n\t<div class=\"fl-row-content-wrap\">\n\t\t\t\t\t\t<div class=\"fl-row-content fl-row-fixed-width fl-node-content\">\n\t\t\n<div class=\"fl-col-group fl-node-5eb0a9c9b916b\" data-node=\"5eb0a9c9b916b\">\n\t\t\t<div class=\"fl-col fl-node-5eb0a9c9b91a6\" data-node=\"5eb0a9c9b91a6\">\n\t<div class=\"fl-col-content fl-node-content\">\n\t<div class=\"fl-module fl-module-rich-text fl-node-5eb0a9c9b91df\" data-node=\"5eb0a9c9b91df\">\n\t<div class=\"fl-module-content fl-node-content\">\n\t\t<div class=\"fl-rich-text\">\n\t<h2 style=\"text-align: center;\"><a href=\"http:\/\/museodorbigny.org\/?p=859\"><strong><em>ESPECIAL \"ROMEO &amp; JULIETA\"<br \/>\n(Las ranas de Sehuencas \"Telmatobius yuracare\" en el Centro Kayra del Museo de Historia Natural Alcide d'Orbigny<\/em><\/strong>)<br \/>\n<\/a><\/h2>\n<p><figure id=\"attachment_866\" aria-describedby=\"caption-attachment-866\" style=\"width: 1000px\" class=\"wp-caption alignnone\"><img loading=\"lazy\" class=\"size-full wp-image-866\" src=\"http:\/\/museodorbigny.org\/wp-content\/uploads\/2019\/04\/3.-Romeo-and-Juliet-together_Photo-by-Sophia-Barron-Museo-de-Historia-Natural-Alcide-d\u2019Orbigny-2.jpg\" alt=\"\" width=\"1000\" height=\"622\" srcset=\"http:\/\/museodorbigny.org\/wp-content\/uploads\/2019\/04\/3.-Romeo-and-Juliet-together_Photo-by-Sophia-Barron-Museo-de-Historia-Natural-Alcide-d\u2019Orbigny-2.jpg 1000w, http:\/\/museodorbigny.org\/wp-content\/uploads\/2019\/04\/3.-Romeo-and-Juliet-together_Photo-by-Sophia-Barron-Museo-de-Historia-Natural-Alcide-d\u2019Orbigny-2-300x187.jpg 300w, http:\/\/museodorbigny.org\/wp-content\/uploads\/2019\/04\/3.-Romeo-and-Juliet-together_Photo-by-Sophia-Barron-Museo-de-Historia-Natural-Alcide-d\u2019Orbigny-2-768x478.jpg 768w\" sizes=\"(max-width: 1000px) 100vw, 1000px\" \/><figcaption id=\"caption-attachment-866\" class=\"wp-caption-text\">\"Romeo &amp; Julieta\" (Telmatobius yuracare) - Foto: Sophia Barr\u00f3n L.<\/figcaption><\/figure><\/p>\n<\/div>\n\t<\/div>\n<\/div>\n\t<\/div>\n<\/div>\n\t<\/div>\n\t\t<\/div>\n\t<\/div>\n<\/div>\n<div class=\"fl-row fl-row-fixed-width fl-row-bg-none fl-node-5ca23af77baab\" data-node=\"5ca23af77baab\">\n\t<div class=\"fl-row-content-wrap\">\n\t\t\t\t\t\t<div class=\"fl-row-content fl-row-fixed-width fl-node-content\">\n\t\t\n<div class=\"fl-col-group fl-node-5ca23af77bc02\" data-node=\"5ca23af77bc02\">\n\t\t\t<div class=\"fl-col fl-node-5ca23af77bc3f\" data-node=\"5ca23af77bc3f\">\n\t<div class=\"fl-col-content fl-node-content\">\n\t<div class=\"fl-module fl-module-flip-box fl-node-5ca23af77bc7b\" data-node=\"5ca23af77bc7b\">\n\t<div class=\"fl-module-content fl-node-content\">\n\t\t<div class=\"uabb-module-content uabb-flip-box-wrap\">\n\t<div class=\"uabb-flip-box  horizontal_flip_left uabb-jq-height\">\n\t\t<div class=\"uabb-flip-box uabb-flip-box-outter\">\n\t\t\t<div class=\"uabb-face uabb-front \">\n\t\t\t\t<div class=\"uabb-flip-box-section uabb-flip-box-section-vertical-middle\">\n\t\t\t\t\t<div class=\"uabb-module-content uabb-imgicon-wrap\">\t\t\t\t<span class=\"uabb-icon-wrap\">\n\t\t\t<span class=\"uabb-icon\">\n\t\t\t\t<i class=\"ua-icon ua-icon-cog\"><\/i>\n\t\t\t<\/span>\n\t\t<\/span>\n\t\n\t\t<\/div>\t\t\t\t\t\t\t\t\t\t<h2 class=\"uabb-face-text-title\">AGENDA & EVENTOS<\/h2>\n\t\t\t\t\t\t\t\t\t\t\t<div class=\"uabb-flip-box-section-content uabb-text-editor\" >\n\t\t\t\t\t\t<p><a href=\"http:\/\/museodorbigny.org\/?page_id=459\"><span style=\"color: #000000;\">Pr\u00f3ximos eventos:<br \/><\/span><\/a><\/p><p><span style=\"color: #000000;\">\u00a0- NUEVAS NOTICIAS SOBRE #ROMEO&amp;JULIETA!!!\u00a0<\/span><\/p>\t\t\t\t\t<\/div>\n\t\t\t\t\t\t\t\t\t\t<\/div>\n\t\t\t<\/div><!-- END .front -->\n\t\t\t<div class=\"uabb-face uabb-back\">\n\t\t\t\t<div class=\"uabb-flip-box-section uabb-flip-box-section-vertical-middle\">\n\t\t\t\t\t\t\t\t\t\t<h2 class=\"uabb-back-text-title\">\u00a1\u00a1\u00a1FELICIDADES BIODIVERSIDAD!!!<\/h2>\n\t\t\t\t\t\t\t\t\t\t\t<div class=\"uabb-back-flip-box-section-content uabb-text-editor\">\n\t\t\t\t\t\t<p>Orgullosos de comunicar que<a href=\"http:\/\/museodorbigny.org\/?p=447\"> Romeo<\/a>\u00a0y Julieta a partir de HOY ya no estar\u00e1n solos!<br \/>Lee el <a href=\"http:\/\/museodorbigny.org\/?p=859\">art\u00edculo<\/a><\/p><p>- Mira la entrevista a Sophia Barr\u00f3n L. (asistente personal de Romeo &amp; Julieta)\u00a0<span style=\"color: #000000;\">aqu\u00ed: <a href=\"http:\/\/museodorbigny.org\/?p=883\">Entrevista<\/a><\/span><br \/>- M\u00e1s preguntas y respuestas:\u00a0 <a href=\"http:\/\/museodorbigny.org\/?p=888\">FAQ<\/a><\/p>\t\t\t\t\t<\/div>\n\t\t\t\t\t\t\t\t\t\t<\/div>\n\t\t\t<\/div><!-- END .back -->\n\t\t<\/div> <!-- ifb-flip-box -->\n\t<\/div> <!-- flip-box -->\n<\/div>\n\t<\/div>\n<\/div>\n\t<\/div>\n<\/div>\n\t<\/div>\n\t\t<\/div>\n\t<\/div>\n<\/div>\n<div class=\"fl-row fl-row-fixed-width fl-row-bg-none fl-node-5a985ae311f17\" data-node=\"5a985ae311f17\">\n\t<div class=\"fl-row-content-wrap\">\n\t\t\t\t\t\t<div class=\"fl-row-content fl-row-fixed-width fl-node-content\">\n\t\t\n<div class=\"fl-col-group fl-node-5a985ae311e00\" data-node=\"5a985ae311e00\">\n\t\t\t<div class=\"fl-col fl-node-5a985ae311ce9 fl-col-small\" data-node=\"5a985ae311ce9\">\n\t<div class=\"fl-col-content fl-node-content\">\n\t<div class=\"fl-module fl-module-callout fl-node-5a985ae311d91\" data-node=\"5a985ae311d91\">\n\t<div class=\"fl-module-content fl-node-content\">\n\t\t<div class=\"fl-callout fl-callout-center fl-callout-has-photo fl-callout-photo-above-title\">\n\t\t<div class=\"fl-callout-content\">\n\t\t<div class=\"fl-callout-photo\"><div class=\"fl-photo fl-photo-crop-square fl-photo-align-\" itemscope itemtype=\"https:\/\/schema.org\/ImageObject\">\n\t<div class=\"fl-photo-content fl-photo-img-jpg\">\n\t\t\t\t<img loading=\"lazy\" class=\"fl-photo-img wp-image-325 size-full\" src=\"http:\/\/museodorbigny.org\/wp-content\/uploads\/bb-plugin\/cache\/IMG_0654-square.jpg\" alt=\"Sala de Anfibios\" itemprop=\"image\" height=\"1704\" width=\"2272\" title=\"IMG_0654\"  \/>\n\t\t\t\t\t<\/div>\n\t<\/div>\n<\/div><h3 class=\"fl-callout-title\"><span class=\"fl-callout-title-text\">VISITANOS<\/span><\/h3>\t\t<div class=\"fl-callout-text-wrap\">\n\t\t\t<div class=\"fl-callout-text\"><div class=\"fl-callout-text\">\n<p>Descubre la riqueza natural de Bolivia a traves de la visita a nuestras salas de exhibici\u00f3n. En ellas aprender\u00e1s sobre la tierra y su proceso de formaci\u00f3n, la aparici\u00f3n de la vida y la importancia de seres vivos con los cuales compartimos el planeta.<\/p>\n<\/div>\n<\/div>\t\t<\/div>\n\t<\/div>\n\t<\/div>\n\t<\/div>\n<\/div>\n<div class=\"fl-module fl-module-rich-text fl-node-5a985ae311d22\" data-node=\"5a985ae311d22\">\n\t<div class=\"fl-module-content fl-node-content\">\n\t\t<div class=\"fl-rich-text\">\n\t<p style=\"text-align: center;\"><a href=\"http:\/\/museodorbigny.org\/?page_id=158\"><span style=\"font-size: 18px;\"><strong>M\u00e1s informaci\u00f3n<\/strong><\/span><\/a><\/p>\n<\/div>\n\t<\/div>\n<\/div>\n\t<\/div>\n<\/div>\n\t\t\t<div class=\"fl-col fl-node-5a985ae311f4e fl-col-small\" data-node=\"5a985ae311f4e\">\n\t<div class=\"fl-col-content fl-node-content\">\n\t<div class=\"fl-module fl-module-callout fl-node-5a985ae311edf\" data-node=\"5a985ae311edf\">\n\t<div class=\"fl-module-content fl-node-content\">\n\t\t<div class=\"fl-callout fl-callout-center fl-callout-has-photo fl-callout-photo-above-title\">\n\t\t<div class=\"fl-callout-content\">\n\t\t<div class=\"fl-callout-photo\"><div class=\"fl-photo fl-photo-crop-square fl-photo-align-\" itemscope itemtype=\"https:\/\/schema.org\/ImageObject\">\n\t<div class=\"fl-photo-content fl-photo-img-jpg\">\n\t\t\t\t<img loading=\"lazy\" class=\"fl-photo-img wp-image-316 size-full\" src=\"http:\/\/museodorbigny.org\/wp-content\/uploads\/bb-plugin\/cache\/IMG_2946-square.jpg\" alt=\"Proyecto Aves Urbanas de Cochabamba\" itemprop=\"image\" height=\"1200\" width=\"1600\" title=\"IMG_2946\"  \/>\n\t\t\t\t\t<\/div>\n\t<\/div>\n<\/div><h3 class=\"fl-callout-title\"><span class=\"fl-callout-title-text\">Nuestro Trabajo<\/span><\/h3>\t\t<div class=\"fl-callout-text-wrap\">\n\t\t\t<div class=\"fl-callout-text\"><p>A tr\u00e1ves de los a\u00f1os el museo ha contribuido al conocimiento de la diversidad natural de Bolivia realizando proyectos de investigaci\u00f3n y capacitaci\u00f3n continua a nuestros investigadores.<\/p>\n<\/div>\t\t<\/div>\n\t<\/div>\n\t<\/div>\n\t<\/div>\n<\/div>\n<div class=\"fl-module fl-module-rich-text fl-node-5a985c5893d3e\" data-node=\"5a985c5893d3e\">\n\t<div class=\"fl-module-content fl-node-content\">\n\t\t<div class=\"fl-rich-text\">\n\t<p style=\"text-align: center;\"><a href=\"http:\/\/museodorbigny.org\/?page_id=160\"><span style=\"font-size: 18px;\"><strong>M\u00e1s informaci\u00f3n<\/strong><\/span><\/a><\/p>\n<\/div>\n\t<\/div>\n<\/div>\n\t<\/div>\n<\/div>\n\t\t\t<div class=\"fl-col fl-node-5a985ae311d5a fl-col-small\" data-node=\"5a985ae311d5a\">\n\t<div class=\"fl-col-content fl-node-content\">\n\t<div class=\"fl-module fl-module-callout fl-node-5a985ae311ea7\" data-node=\"5a985ae311ea7\">\n\t<div class=\"fl-module-content fl-node-content\">\n\t\t<div class=\"fl-callout fl-callout-center fl-callout-has-photo fl-callout-photo-above-title\">\n\t\t<div class=\"fl-callout-content\">\n\t\t<div class=\"fl-callout-photo\"><div class=\"fl-photo fl-photo-crop-square fl-photo-align-\" itemscope itemtype=\"https:\/\/schema.org\/ImageObject\">\n\t<div class=\"fl-photo-content fl-photo-img-jpg\">\n\t\t\t\t<img loading=\"lazy\" class=\"fl-photo-img wp-image-332 size-full\" src=\"http:\/\/museodorbigny.org\/wp-content\/uploads\/bb-plugin\/cache\/DSC_0021-square.jpg\" alt=\"DSC_0021\" itemprop=\"image\" height=\"1037\" width=\"1549\" title=\"DSC_0021\"  \/>\n\t\t\t\t\t<\/div>\n\t<\/div>\n<\/div><h3 class=\"fl-callout-title\"><span class=\"fl-callout-title-text\">Nuestras Colecciones<\/span><\/h3>\t\t<div class=\"fl-callout-text-wrap\">\n\t\t\t<div class=\"fl-callout-text\"><p>Parte importante del trabajo que realizamos se ve reflejado en las colecciones cient\u00edficas que el museo guarda como material de consulta, estudio y analis\u00eds para actuales y futuros proyectos.<\/p>\n<p>La conservaci\u00f3n de este patrimonio nos permite comprender como la vida ha ido cambiando a tr\u00e1ves del tiempo, y nos ayuda a entender el estado en el cual la humanidad se encuentra respecto del uso de los recursos naturales.<\/p>\n<\/div>\t\t<\/div>\n\t<\/div>\n\t<\/div>\n\t<\/div>\n<\/div>\n<div class=\"fl-module fl-module-rich-text fl-node-5a985ae311e6f\" data-node=\"5a985ae311e6f\">\n\t<div class=\"fl-module-content fl-node-content\">\n\t\t<div class=\"fl-rich-text\">\n\t<p style=\"text-align: center;\"><a href=\"http:\/\/museodorbigny.org\/?page_id=162\"><span style=\"font-size: 18px;\"><strong>M\u00e1s informaci\u00f3n<\/strong><\/span><\/a><\/p>\n<\/div>\n\t<\/div>\n<\/div>\n\t<\/div>\n<\/div>\n\t<\/div>\n\t\t<\/div>\n\t<\/div>\n<\/div>\n<div class=\"fl-row fl-row-full-width fl-row-bg-none fl-node-5a985e4b1aaf3\" data-node=\"5a985e4b1aaf3\">\n\t<div class=\"fl-row-content-wrap\">\n\t\t\t\t\t\t<div class=\"fl-row-content fl-row-fixed-width fl-node-content\">\n\t\t\n<div class=\"fl-col-group fl-node-5a985e4b1ab2a\" data-node=\"5a985e4b1ab2a\">\n\t\t\t<div class=\"fl-col fl-node-5a985e4b1ab61 fl-col-small\" data-node=\"5a985e4b1ab61\">\n\t<div class=\"fl-col-content fl-node-content\">\n\t<div class=\"fl-module fl-module-rich-text fl-node-5a985e4b1abcf\" data-node=\"5a985e4b1abcf\">\n\t<div class=\"fl-module-content fl-node-content\">\n\t\t<div class=\"fl-rich-text\">\n\t<h3>MUSEO DE HISTORIA NATURAL \"ALCIDE D'ORBIGNY\" DE COCHABAMBA<\/h3>\n<p>Somos una instituci\u00f3n dinamica que trabaja para conservar la biodiversidad en Bolivia a tr\u00e1ves de la realizaci\u00f3n de proyectos de investigaci\u00f3n, conservaci\u00f3n de colecciones cient\u00edficas y programas de difusi\u00f3n y comunicaci\u00f3n a la sociedad.<\/p>\n<p>Nuestras \u00e1reas de acci\u00f3n son la paleontolog\u00eda, cambios clim\u00e1ticos, estudio de invertebrados y vertebrados, estudios de plantas, biolog\u00eda molecular y apoyo a la educaci\u00f3n.<\/p>\n<p>Por la gran labor que realizamos, el 30 de Octubre de 2014 hemos\u00a0 sido declarados como \"Patrimonio Cultural y Natural del Estado Plurinacional de Bolivia\", adem\u00e1s de ser reconocidos por la Academia Nacional de Ciencias de Bolivia como repositorio nacional.<\/p>\n<\/div>\n\t<\/div>\n<\/div>\n\t<\/div>\n<\/div>\n\t\t\t<div class=\"fl-col fl-node-5a985e4b1ab98\" data-node=\"5a985e4b1ab98\">\n\t<div class=\"fl-col-content fl-node-content\">\n\t<div class=\"fl-module fl-module-content-slider fl-node-5ca2b6df6f38b\" data-node=\"5ca2b6df6f38b\">\n\t<div class=\"fl-module-content fl-node-content\">\n\t\t<div class=\"fl-content-slider\">\n\t<div class=\"fl-content-slider-wrapper\">\n\t\t\t\t<div class=\"fl-slide fl-slide-0 fl-slide-text-left\">\n\t\t\t<div class=\"fl-slide-mobile-photo\"><img width=\"960\" height=\"720\" loading='false' class=\"fl-slide-mobile-photo-img wp-image-310\" src=\"http:\/\/museodorbigny.org\/wp-content\/uploads\/2017\/11\/14359148_10154196858523005_1483381545304112190_n.jpg\" alt=\"\" srcset=\"http:\/\/museodorbigny.org\/wp-content\/uploads\/2017\/11\/14359148_10154196858523005_1483381545304112190_n.jpg 960w, http:\/\/museodorbigny.org\/wp-content\/uploads\/2017\/11\/14359148_10154196858523005_1483381545304112190_n-300x225.jpg 300w, http:\/\/museodorbigny.org\/wp-content\/uploads\/2017\/11\/14359148_10154196858523005_1483381545304112190_n-768x576.jpg 768w\" sizes=\"(max-width: 960px) 100vw, 960px\" \/><\/div><div class=\"fl-slide-bg-photo\"><\/div>\t\t\t<div class=\"fl-slide-foreground clearfix\">\n\t\t\t\t\t\t\t<\/div>\n\t\t<\/div>\n\t\t\t<div class=\"fl-slide fl-slide-1 fl-slide-text-left\">\n\t\t\t<div class=\"fl-slide-mobile-photo\"><img width=\"960\" height=\"720\" loading='false' class=\"fl-slide-mobile-photo-img wp-image-923\" src=\"http:\/\/museodorbigny.org\/wp-content\/uploads\/2019\/04\/Deslizador-02-1.jpg\" alt=\"\" srcset=\"http:\/\/museodorbigny.org\/wp-content\/uploads\/2019\/04\/Deslizador-02-1.jpg 960w, http:\/\/museodorbigny.org\/wp-content\/uploads\/2019\/04\/Deslizador-02-1-300x225.jpg 300w, http:\/\/museodorbigny.org\/wp-content\/uploads\/2019\/04\/Deslizador-02-1-768x576.jpg 768w\" sizes=\"(max-width: 960px) 100vw, 960px\" \/><\/div><div class=\"fl-slide-bg-photo\"><\/div>\t\t\t<div class=\"fl-slide-foreground clearfix\">\n\t\t\t\t\t\t\t<\/div>\n\t\t<\/div>\n\t\t<\/div>\n\t\t\t\t\t<div class=\"fl-content-slider-navigation\" aria-label=\"content slider buttons\">\n\t\t\t\t<a class=\"slider-prev\" href=\"#\" aria-label=\"previous\" role=\"button\"><div class=\"fl-content-slider-svg-container\"><svg version=\"1.1\" xmlns=\"http:\/\/www.w3.org\/2000\/svg\" xmlns:xlink=\"http:\/\/www.w3.org\/1999\/xlink\" viewBox=\"0 0 512 512\">\n<path d=\"M398.572,104.287L246.857,256.001l151.715,151.714c3.617,3.618,5.428,7.904,5.428,12.856c0,4.953-1.811,9.238-5.428,12.857 l-47.428,47.428c-3.619,3.619-7.904,5.428-12.857,5.428s-9.238-1.809-12.857-5.428l-212-212c-3.619-3.618-5.428-7.904-5.428-12.856 c0-4.953,1.81-9.238,5.428-12.857l212-212c3.619-3.618,7.904-5.428,12.857-5.428s9.238,1.81,12.857,5.428l47.428,47.429 C402.189,82.19,404,86.476,404,91.428c0,4.953-1.811,9.238-5.428,12.857V104.287z\"\/>\n<\/svg>\n<\/div><\/a>\n\t\t\t\t<a class=\"slider-next\" href=\"#\" aria-label=\"next\" role=\"button\"><div class=\"fl-content-slider-svg-container\"><svg version=\"1.1\" xmlns=\"http:\/\/www.w3.org\/2000\/svg\" xmlns:xlink=\"http:\/\/www.w3.org\/1999\/xlink\" viewBox=\"0 0 512 512\">\n<path d=\"M113.428,407.713l151.715-151.714L113.428,104.285c-3.617-3.618-5.428-7.904-5.428-12.856c0-4.953,1.811-9.238,5.428-12.857 l47.428-47.428c3.619-3.619,7.904-5.428,12.857-5.428s9.238,1.809,12.857,5.428l212,212c3.619,3.618,5.429,7.904,5.429,12.856 c0,4.953-1.81,9.238-5.429,12.857l-212,212c-3.619,3.618-7.904,5.428-12.857,5.428s-9.238-1.81-12.857-5.428l-47.428-47.429 c-3.617-3.618-5.428-7.904-5.428-12.856c0-4.953,1.811-9.238,5.428-12.857V407.713z\"\/>\n<\/svg>\n<\/div><\/a>\n\t\t\t<\/div>\n\t\t\t\t<div class=\"fl-clear\"><\/div>\n<\/div>\n\t<\/div>\n<\/div>\n<div class=\"fl-module fl-module-rich-text fl-node-5ca2be3a3b4e0\" data-node=\"5ca2be3a3b4e0\">\n\t<div class=\"fl-module-content fl-node-content\">\n\t\t<div class=\"fl-rich-text\">\n\t<p style=\"text-align: center;\"><a href=\"http:\/\/museodorbigny.org\/?page_id=2\"><span style=\"font-size: 18px;\"><strong>M\u00e1s informaci\u00f3n sobre nosotros<\/strong><\/span><\/a><\/p>\n<\/div>\n\t<\/div>\n<\/div>\n\t<\/div>\n<\/div>\n\t<\/div>\n\t\t<\/div>\n\t<\/div>\n<\/div>\n<div class=\"fl-row fl-row-fixed-width fl-row-bg-none fl-node-5a9d7f163aece\" data-node=\"5a9d7f163aece\">\n\t<div class=\"fl-row-content-wrap\">\n\t\t\t\t\t\t<div class=\"fl-row-content fl-row-fixed-width fl-node-content\">\n\t\t\n<div class=\"fl-col-group fl-node-5a9d7f163f652\" data-node=\"5a9d7f163f652\">\n\t\t\t<div class=\"fl-col fl-node-5a9d7f163f732\" data-node=\"5a9d7f163f732\">\n\t<div class=\"fl-col-content fl-node-content\">\n\t<div class=\"fl-module fl-module-cta fl-node-5a9d7f30ec6e3\" data-node=\"5a9d7f30ec6e3\">\n\t<div class=\"fl-module-content fl-node-content\">\n\t\t<div class=\"fl-cta-wrap fl-cta-inline\">\n\t<div class=\"fl-cta-text\">\n\t\t<h3 class=\"fl-cta-title\">AGENDA & EVENTOS<\/h3>\n\t\t<div class=\"fl-cta-text-content\"><p><span style=\"color: #000000;\">Eventos recientes:<br \/>\n- Orgullosos de comunicar que <a style=\"color: #000000;\" href=\"http:\/\/museodorbigny.org\/?p=859\">Romeo\u00a0y Julieta a partir de HOY ya no estar\u00e1n solos<\/a>! -<span style=\"color: #008000;\">\u00a0<a style=\"color: #008000;\" href=\"http:\/\/museodorbigny.org\/?p=859\">Art\u00edculo<\/a><\/span><br \/>\n<\/span>- <span style=\"color: #000000;\">Lea la Entrevista a Sophia Barr\u00f3n L.\u00a0<span style=\"color: #000000;\"><em>(Asistente personal de Romeo &amp; Julieta)\u00a0<\/em>aqu\u00ed:\u00a0<\/span><a style=\"color: #008000;\" href=\"http:\/\/museodorbigny.org\/?p=883\">Entrevista<\/a><\/span><br \/>\n<span style=\"color: #000000;\">- Lea sobre <\/span><a style=\"color: #000000;\" href=\"http:\/\/museodorbigny.org\/?p=447\"><span style=\"color: #339966;\"><span style=\"color: #000000;\">Romeo <\/span><span style=\"color: #008000;\"><span style=\"color: #000000;\">-<\/span> (La rana de Sehuencas)<\/span><\/span><\/a> - <span style=\"color: #008000;\"><a style=\"color: #008000;\" href=\"http:\/\/museodorbigny.org\/?page_id=459\">Art\u00edculo<\/a><\/span><\/p>\n<p>M\u00e1s preguntas y respuestas:\u00a0 <span style=\"color: #008000;\"><a style=\"color: #008000;\" href=\"http:\/\/museodorbigny.org\/?p=888\">FAQ<\/a><\/span><\/p>\n<p><span style=\"color: #000000;\">Pr\u00f3ximos Eventos:<\/span><\/p>\n<ul>\n<li><span style=\"color: #000000;\">Taller de Introducci\u00f3n a la <span style=\"color: #008000;\"><a style=\"color: #008000;\" href=\"http:\/\/museodorbigny.org\/?page_id=459\">Observaci\u00f3n de Aves<\/a><\/span>.<\/span><\/li>\n<li><span style=\"color: #000000;\">Exposici\u00f3n sobre la cuenca del R\u00edo Rocha<\/span><\/li>\n<\/ul>\n<p><span style=\"color: #000000;\">Eventos pasados:<\/span><\/p>\n<ul>\n<li><span style=\"color: #000000;\">Curso de Conservacion de la Biodiversidad - Abril 2018<\/span><\/li>\n<li><span style=\"color: #000000;\">I Congreso Boliviano de Herpetolog\u00eda - Oct. 2018\u00a0 (La Paz)<\/span><\/li>\n<\/ul>\n<\/div>\n\t<\/div>\n\t<div class=\"fl-cta-button\">\n\t\t<div class=\"fl-button-wrap fl-button-width-full\">\n\t\t\t<a href=\"http:\/\/museodorbigny.org\/?page_id=459\" target=\"_self\" class=\"fl-button\" role=\"button\">\n\t\t\t\t\t\t\t<span class=\"fl-button-text\">Quiero saber m\u00e1s<\/span>\n\t\t\t\t\t<\/a>\n<\/div>\n\t<\/div>\n<\/div>\n\t<\/div>\n<\/div>\n\t<\/div>\n<\/div>\n\t<\/div>\n\t\t<\/div>\n\t<\/div>\n<\/div>\n<div class=\"fl-row fl-row-full-width fl-row-bg-none fl-node-5c468ca034c15\" data-node=\"5c468ca034c15\">\n\t<div class=\"fl-row-content-wrap\">\n\t\t\t\t\t\t<div class=\"fl-row-content fl-row-full-width fl-node-content\">\n\t\t\n<div class=\"fl-col-group fl-node-5c468ca034daa\" data-node=\"5c468ca034daa\">\n\t\t\t<div class=\"fl-col fl-node-5c468ca034de7\" data-node=\"5c468ca034de7\">\n\t<div class=\"fl-col-content fl-node-content\">\n\t<div class=\"fl-module fl-module-cta fl-node-5c468ca034e22\" data-node=\"5c468ca034e22\">\n\t<div class=\"fl-module-content fl-node-content\">\n\t\t<div class=\"fl-cta-wrap fl-cta-inline\">\n\t<div class=\"fl-cta-text\">\n\t\t<h3 class=\"fl-cta-title\">HAZ TU RESERVA<\/h3>\n\t\t<div class=\"fl-cta-text-content\"><p>Abrimos en las ma\u00f1anas de Lunes a Viernes de 09:00 a 12:00<\/p>\n<\/div>\n\t<\/div>\n\t<div class=\"fl-cta-button\">\n\t\t<div class=\"fl-button-wrap fl-button-width-full fl-button-has-icon\">\n\t\t\t<a href=\"mailto: info@museodorbigny.org\" target=\"_self\" class=\"fl-button\" role=\"button\">\n\t\t\t\t\t<i class=\"fl-button-icon fl-button-icon-before fi-mail\" aria-hidden=\"true\"><\/i>\n\t\t\t\t\t\t<span class=\"fl-button-text\">Via  e-Mail<\/span>\n\t\t\t\t\t<\/a>\n<\/div>\n\t<\/div>\n<\/div>\n\t<\/div>\n<\/div>\n<div class=\"fl-module fl-module-cta fl-node-5c4a204312123\" data-node=\"5c4a204312123\">\n\t<div class=\"fl-module-content fl-node-content\">\n\t\t<div class=\"fl-cta-wrap fl-cta-inline\">\n\t<div class=\"fl-cta-text\">\n\t\t<h3 class=\"fl-cta-title\"><\/h3>\n\t\t<div class=\"fl-cta-text-content\"><\/div>\n\t<\/div>\n\t<div class=\"fl-cta-button\">\n\t\t<div class=\"fl-button-wrap fl-button-width-full fl-button-has-icon\">\n\t\t\t<a href=\"https:\/\/api.whatsapp.com\/send?phone=59160367230&text=Reservar%20visita%20al%20Museo%20Alcide%20d'Orbigny\" target=\"_blank\" class=\"fl-button\" role=\"button\" rel=\"noopener\" >\n\t\t\t\t\t<i class=\"fl-button-icon fl-button-icon-before fa fa-whatsapp\" aria-hidden=\"true\"><\/i>\n\t\t\t\t\t\t<span class=\"fl-button-text\">Via Whatsapp<\/span>\n\t\t\t\t\t<\/a>\n<\/div>\n\t<\/div>\n<\/div>\n\t<\/div>\n<\/div>\n\t<\/div>\n<\/div>\n\t<\/div>\n\t\t<\/div>\n\t<\/div>\n<\/div>\n<div class=\"fl-row fl-row-fixed-width fl-row-bg-none fl-node-5c4a56ec30642\" data-node=\"5c4a56ec30642\">\n\t<div class=\"fl-row-content-wrap\">\n\t\t\t\t\t\t<div class=\"fl-row-content fl-row-fixed-width fl-node-content\">\n\t\t\n<div class=\"fl-col-group fl-node-5c4a57e8db280\" data-node=\"5c4a57e8db280\">\n\t\t\t<div class=\"fl-col fl-node-5c4a57e8db37b\" data-node=\"5c4a57e8db37b\">\n\t<div class=\"fl-col-content fl-node-content\">\n\t<div class=\"fl-module fl-module-rich-text fl-node-5c4a57e8db1d6\" data-node=\"5c4a57e8db1d6\">\n\t<div class=\"fl-module-content fl-node-content\">\n\t\t<div class=\"fl-rich-text\">\n\t<h3>S\u00cdGUENOS<\/h3>\n<\/div>\n\t<\/div>\n<\/div>\n\t<\/div>\n<\/div>\n\t<\/div>\n\n<div class=\"fl-col-group fl-node-5c4a56ec35618\" data-node=\"5c4a56ec35618\">\n\t\t\t<div class=\"fl-col fl-node-5c4a56ec35710\" data-node=\"5c4a56ec35710\">\n\t<div class=\"fl-col-content fl-node-content\">\n\t<div class=\"fl-module fl-module-njba-facebook-page fl-node-5c4a56ec30372\" data-node=\"5c4a56ec30372\">\n\t<div class=\"fl-module-content fl-node-content\">\n\t\t    <div class=\"njba-facebook-widget fb-page\"  data-href=https:\/\/www.facebook.com\/MUSEOdOrbigny\/ data-tabs=timeline data-width=340 data-height=500 data-small-header=false data-hide-cover=false data-show-facepile=true data-hide-cta=false  style=\"min-height:1px; height:500px\">\r\n        <blockquote cite=\"https:\/\/www.facebook.com\/MUSEOdOrbigny\/\" class=\"fb-xfbml-parse-ignore\"><a href=\"https:\/\/www.facebook.com\/MUSEOdOrbigny\/\"><\/a><\/blockquote>\r\n    <\/div>\r\n\t<\/div>\n<\/div>\n<div class=\"fl-module fl-module-njba-twitter-timeline fl-node-5c4a59dda234e\" data-node=\"5c4a59dda234e\">\n\t<div class=\"fl-module-content fl-node-content\">\n\t\t<div class=\"njba-twitter-timeline\"  data-theme=\"light\" data-show-replies=\"false\"  data-tweet-limit=\"3\" >\r\n    <a class=\"twitter-timeline\" href=\"https:\/\/twitter.com\/https:\/\/twitter.com\/museodorbigny\"  data-theme=\"light\" data-show-replies=\"false\"  data-tweet-limit=\"3\" >Tweets by https:\/\/twitter.com\/museodorbigny<\/a>\r\n<\/div>\r\n\t<\/div>\n<\/div>\n\t<\/div>\n<\/div>\n\t<\/div>\n\t\t<\/div>\n\t<\/div>\n<\/div>\n<\/div>","protected":false},"excerpt":{"rendered":"<p>LANZAMIENTO ESPECIAL PALEONTOLOG\u00cdA \u00abRuta de migraci\u00f3n los Dinosaurios en Bolivia\u00bb &nbsp; ESPECIAL \u00abROMEO &amp; JULIETA\u00bb (Las ranas de Sehuencas \u00abTelmatobius&hellip;<\/p>\n","protected":false},"author":1,"featured_media":0,"parent":0,"menu_order":0,"comment_status":"closed","ping_status":"closed","template":"","meta":[],"_links":{"self":[{"href":"http:\/\/museodorbigny.org\/index.php?rest_route=\/wp\/v2\/pages\/156"}],"collection":[{"href":"http:\/\/museodorbigny.org\/index.php?rest_route=\/wp\/v2\/pages"}],"about":[{"href":"http:\/\/museodorbigny.org\/index.php?rest_route=\/wp\/v2\/types\/page"}],"author":[{"embeddable":true,"href":"http:\/\/museodorbigny.org\/index.php?rest_route=\/wp\/v2\/users\/1"}],"replies":[{"embeddable":true,"href":"http:\/\/museodorbigny.org\/index.php?rest_route=%2Fwp%2Fv2%2Fcomments&post=156"}],"version-history":[{"count":84,"href":"http:\/\/museodorbigny.org\/index.php?rest_route=\/wp\/v2\/pages\/156\/revisions"}],"predecessor-version":[{"id":1081,"href":"http:\/\/museodorbigny.org\/index.php?rest_route=\/wp\/v2\/pages\/156\/revisions\/1081"}],"wp:attachment":[{"href":"http:\/\/museodorbigny.org\/index.php?rest_route=%2Fwp%2Fv2%2Fmedia&parent=156"}],"curies":[{"name":"wp","href":"https:\/\/api.w.org\/{rel}","templated":true}]}}