{"id":158,"date":"2017-11-06T10:51:36","date_gmt":"2017-11-06T14:51:36","guid":{"rendered":"http:\/\/museodorbigny.org\/?page_id=158"},"modified":"2022-03-31T10:19:51","modified_gmt":"2022-03-31T14:19:51","slug":"servicios","status":"publish","type":"page","link":"http:\/\/museodorbigny.org\/?page_id=158","title":{"rendered":"Servicios"},"content":{"rendered":"<div class=\"fl-builder-content fl-builder-content-158\" data-post-id=\"158\"><div class=\"fl-row fl-row-fixed-width fl-row-bg-none fl-node-572b7778d123f\" data-node=\"572b7778d123f\">\n\t<div class=\"fl-row-content-wrap\">\n\t\t\t\t\t\t<div class=\"fl-row-content fl-row-fixed-width fl-node-content\">\n\t\t\n<div class=\"fl-col-group fl-node-572b7778d03ab\" data-node=\"572b7778d03ab\">\n\t\t\t<div class=\"fl-col fl-node-572b7778d05a0 fl-col-small\" data-node=\"572b7778d05a0\">\n\t<div class=\"fl-col-content fl-node-content\">\n\t<div class=\"fl-module fl-module-callout fl-node-572b7778d1422\" data-node=\"572b7778d1422\">\n\t<div class=\"fl-module-content fl-node-content\">\n\t\t<div class=\"fl-callout fl-callout-center fl-callout-has-icon fl-callout-icon-above-title\">\n\t\t<div class=\"fl-callout-content\">\n\t\t\t<span class=\"fl-icon\">\n\t\t\t\t<i class=\"fa fa-ticket\" aria-hidden=\"true\"><\/i>\n\t\t\t\t\t<\/span>\n\t<h3 class=\"fl-callout-title\"><span class=\"fl-callout-title-text\">Visitas Guiadas<\/span><\/h3>\t\t<div class=\"fl-callout-text-wrap\">\n\t\t\t<div class=\"fl-callout-text\"><p><span style=\"font-size: 20px;\">El MHNC ofrece visitas guiadas:<\/span><br \/>\n<span style=\"font-size: 20px;\">De Lunes a Viernes (Excepto feriados), en horarios de atenci\u00f3n desde las;<\/span><br \/>\n<span style=\"font-size: 20px;\">09:00 am. hasta las 12:00 pm.\u00a0 \/ 15:00 pm. hasta las 18:00 pm.<\/span><\/p>\n<\/div>\t\t<\/div>\n\t<\/div>\n\t<\/div>\n\t<\/div>\n<\/div>\n\t<\/div>\n<\/div>\n\t\t\t<div class=\"fl-col fl-node-5c462b3547a72 fl-col-small\" data-node=\"5c462b3547a72\">\n\t<div class=\"fl-col-content fl-node-content\">\n\t<div class=\"fl-module fl-module-callout fl-node-572b7778d119e\" data-node=\"572b7778d119e\">\n\t<div class=\"fl-module-content fl-node-content\">\n\t\t<div class=\"fl-callout fl-callout-center fl-callout-has-icon fl-callout-icon-above-title\">\n\t\t<div class=\"fl-callout-content\">\n\t\t\t<span class=\"fl-icon\">\n\t\t\t\t<i class=\"fa fa-camera\" aria-hidden=\"true\"><\/i>\n\t\t\t\t\t<\/span>\n\t<h3 class=\"fl-callout-title\"><span class=\"fl-callout-title-text\">Fotograf\u00edas<\/span><\/h3>\t\t<div class=\"fl-callout-text-wrap\">\n\t\t\t<div class=\"fl-callout-text\"><p>EL Museo protege sus muestras con un banco de im\u00e1genes profesionales bajo licencia y sesi\u00f3n para publicaciones.<br \/>\nEl uso de celular est\u00e1 permitido dentro de las gu\u00edas sin selfie Stick y PRINCIPALMENTE SIN USO DE FLASH.<br \/>\nEl uso de Flash de iluminaci\u00f3n est\u00e1 prohibido dentro las salas de exhibici\u00f3n y muestras vivas para evitar degradaciones en las muestras sensibles. No olvides consultar sobre esta pol\u00edtica de seguridad antes de cada visita.<\/p>\n<\/div>\t\t<\/div>\n\t<\/div>\n\t<\/div>\n\t<\/div>\n<\/div>\n\t<\/div>\n<\/div>\n\t\t\t<div class=\"fl-col fl-node-572b7778d0e7a fl-col-small\" data-node=\"572b7778d0e7a\">\n\t<div class=\"fl-col-content fl-node-content\">\n\t<div class=\"fl-module fl-module-callout fl-node-572b7778d0bf7\" data-node=\"572b7778d0bf7\">\n\t<div class=\"fl-module-content fl-node-content\">\n\t\t<div class=\"fl-callout fl-callout-center fl-callout-has-icon fl-callout-icon-above-title\">\n\t\t<div class=\"fl-callout-content\">\n\t\t\t<span class=\"fl-icon\">\n\t\t\t\t<i class=\"fa fa-calendar\" aria-hidden=\"true\"><\/i>\n\t\t\t\t\t<\/span>\n\t<h3 class=\"fl-callout-title\"><span class=\"fl-callout-title-text\">EXPOSICIONES Y CURSOS<\/span><\/h3>\t\t<div class=\"fl-callout-text-wrap\">\n\t\t\t<div class=\"fl-callout-text\"><p>Visitas guiadas, charlas, exposiciones especializadas y actividades de difusi\u00f3n son realizadas por el Museo de Historia Natural Alcide d'Orbigny durante todo el a\u00f1o.<br \/>\nLos colegios, escuelas y grupos\u00a0 pueden agendar sus visitas especializadas mediante la hoja de contactos al pie de\u00a0 esta P\u00e1gina Web.<\/p>\n<\/div>\t\t<\/div>\n\t<\/div>\n\t<\/div>\n\t<\/div>\n<\/div>\n\t<\/div>\n<\/div>\n\t<\/div>\n\t\t<\/div>\n\t<\/div>\n<\/div>\n<div class=\"fl-row fl-row-fixed-width fl-row-bg-none fl-node-575989d995aba\" data-node=\"575989d995aba\">\n\t<div class=\"fl-row-content-wrap\">\n\t\t\t\t\t\t<div class=\"fl-row-content fl-row-fixed-width fl-node-content\">\n\t\t\n<div class=\"fl-col-group fl-node-575989d99bd19\" data-node=\"575989d99bd19\">\n\t\t\t<div class=\"fl-col fl-node-575989d99c007\" data-node=\"575989d99c007\">\n\t<div class=\"fl-col-content fl-node-content\">\n\t<div class=\"fl-module fl-module-callout fl-node-575989d9953ca\" data-node=\"575989d9953ca\">\n\t<div class=\"fl-module-content fl-node-content\">\n\t\t<div class=\"fl-callout fl-callout-left fl-callout-has-photo fl-callout-photo-left\">\n\t<div class=\"fl-callout-photo\"><div class=\"fl-photo fl-photo-align-\" itemscope itemtype=\"https:\/\/schema.org\/ImageObject\">\n\t<div class=\"fl-photo-content fl-photo-img-jpg\">\n\t\t\t\t<img loading=\"lazy\" class=\"fl-photo-img wp-image-326 size-full\" src=\"http:\/\/museodorbigny.org\/wp-content\/uploads\/2017\/11\/IMG_1454.jpg\" alt=\"IMG_1454\" itemprop=\"image\" height=\"2480\" width=\"4416\" title=\"IMG_1454\" srcset=\"http:\/\/museodorbigny.org\/wp-content\/uploads\/2017\/11\/IMG_1454.jpg 4416w, http:\/\/museodorbigny.org\/wp-content\/uploads\/2017\/11\/IMG_1454-300x168.jpg 300w, http:\/\/museodorbigny.org\/wp-content\/uploads\/2017\/11\/IMG_1454-768x431.jpg 768w, http:\/\/museodorbigny.org\/wp-content\/uploads\/2017\/11\/IMG_1454-1024x575.jpg 1024w, http:\/\/museodorbigny.org\/wp-content\/uploads\/2017\/11\/IMG_1454-1600x899.jpg 1600w\" sizes=\"(max-width: 4416px) 100vw, 4416px\" \/>\n\t\t\t\t\t<\/div>\n\t<\/div>\n<\/div>\t<div class=\"fl-callout-content\">\n\t\t<h3 class=\"fl-callout-title\"><span class=\"fl-callout-title-text\">Habla m\u00e1s acerca de tus productos aqu\u00ed.<\/span><\/h3>\t\t<div class=\"fl-callout-text-wrap\">\n\t\t\t<div class=\"fl-callout-text\"><p>Aqu\u00ed puedes contarles a los potenciales clientes m\u00e1s sobre tu empresa, y sobre los servicios que ofreces.. \u00a0Reemplaza esta imagen con una m\u00e1s apropiada para tu empresa.<\/p>\n<\/div>\t\t<\/div>\n\t<\/div>\n\t<\/div>\n\t<\/div>\n<\/div>\n<div class=\"fl-module fl-module-callout fl-node-57598a36bd3f1\" data-node=\"57598a36bd3f1\">\n\t<div class=\"fl-module-content fl-node-content\">\n\t\t<div class=\"fl-callout fl-callout-left fl-callout-has-photo fl-callout-photo-right\">\n\t\t<div class=\"fl-callout-content\">\n\t\t<h3 class=\"fl-callout-title\"><span class=\"fl-callout-title-text\">Habla m\u00e1s acerca de tus productos aqu\u00ed.<\/span><\/h3>\t\t<div class=\"fl-callout-text-wrap\">\n\t\t\t<div class=\"fl-callout-text\"><p>Aqu\u00ed puedes contarles a los potenciales clientes m\u00e1s sobre tu empresa, y sobre los servicios que ofreces.. \u00a0Reemplaza esta imagen con una m\u00e1s apropiada para tu empresa.<\/p>\n<\/div>\t\t<\/div>\n\t<\/div>\n\t<div class=\"fl-callout-photo\"><div class=\"fl-photo fl-photo-align-\" itemscope itemtype=\"https:\/\/schema.org\/ImageObject\">\n\t<div class=\"fl-photo-content fl-photo-img-jpg\">\n\t\t\t\t<img loading=\"lazy\" class=\"fl-photo-img wp-image-311 size-full\" src=\"http:\/\/museodorbigny.org\/wp-content\/uploads\/2017\/11\/16467070_728680843960938_1607481350_n.jpg\" alt=\"16467070_728680843960938_1607481350_n\" itemprop=\"image\" height=\"540\" width=\"960\" title=\"16467070_728680843960938_1607481350_n\" srcset=\"http:\/\/museodorbigny.org\/wp-content\/uploads\/2017\/11\/16467070_728680843960938_1607481350_n.jpg 960w, http:\/\/museodorbigny.org\/wp-content\/uploads\/2017\/11\/16467070_728680843960938_1607481350_n-300x169.jpg 300w, http:\/\/museodorbigny.org\/wp-content\/uploads\/2017\/11\/16467070_728680843960938_1607481350_n-768x432.jpg 768w\" sizes=\"(max-width: 960px) 100vw, 960px\" \/>\n\t\t\t\t\t<\/div>\n\t<\/div>\n<\/div><\/div>\n\t<\/div>\n<\/div>\n\t<\/div>\n<\/div>\n\t<\/div>\n\t\t<\/div>\n\t<\/div>\n<\/div>\n<div class=\"fl-row fl-row-fixed-width fl-row-bg-none fl-node-579be99ebf550\" data-node=\"579be99ebf550\">\n\t<div class=\"fl-row-content-wrap\">\n\t\t\t\t\t\t<div class=\"fl-row-content fl-row-fixed-width fl-node-content\">\n\t\t\n<div class=\"fl-col-group fl-node-579be99ec478e\" data-node=\"579be99ec478e\">\n\t\t\t<div class=\"fl-col fl-node-579be99ec4895\" data-node=\"579be99ec4895\">\n\t<div class=\"fl-col-content fl-node-content\">\n\t<div class=\"fl-module fl-module-cta fl-node-579be99ebf3e4\" data-node=\"579be99ebf3e4\">\n\t<div class=\"fl-module-content fl-node-content\">\n\t\t<div class=\"fl-cta-wrap fl-cta-inline\">\n\t<div class=\"fl-cta-text\">\n\t\t<h3 class=\"fl-cta-title\">Siguientes pasos...<\/h3>\n\t\t<div class=\"fl-cta-text-content\"><p>Esta debe ser la llamada de acci\u00f3n n\u00famero uno de un potencial cliente, por ejemplo, solicitar una cotizaci\u00f3n o analizar el cat\u00e1logo de tus productos.<\/p>\n<\/div>\n\t<\/div>\n\t<div class=\"fl-cta-button\">\n\t\t<div class=\"fl-button-wrap fl-button-width-full\">\n\t\t\t<a href=\"mailto: info@museodorbigny.org\" target=\"_self\" class=\"fl-button\" role=\"button\">\n\t\t\t\t\t\t\t<span class=\"fl-button-text\">Escr\u00edbenos<\/span>\n\t\t\t\t\t<\/a>\n<\/div>\n\t<\/div>\n<\/div>\n\t<\/div>\n<\/div>\n\t<\/div>\n<\/div>\n\t<\/div>\n\t\t<\/div>\n\t<\/div>\n<\/div>\n<\/div>","protected":false},"excerpt":{"rendered":"<p>Visitas Guiadas El MHNC ofrece visitas guiadas: De Lunes a Viernes (Excepto feriados), en horarios de atenci\u00f3n desde las; 09:00&hellip;<\/p>\n","protected":false},"author":1,"featured_media":0,"parent":0,"menu_order":0,"comment_status":"closed","ping_status":"closed","template":"","meta":[],"_links":{"self":[{"href":"http:\/\/museodorbigny.org\/index.php?rest_route=\/wp\/v2\/pages\/158"}],"collection":[{"href":"http:\/\/museodorbigny.org\/index.php?rest_route=\/wp\/v2\/pages"}],"about":[{"href":"http:\/\/museodorbigny.org\/index.php?rest_route=\/wp\/v2\/types\/page"}],"author":[{"embeddable":true,"href":"http:\/\/museodorbigny.org\/index.php?rest_route=\/wp\/v2\/users\/1"}],"replies":[{"embeddable":true,"href":"http:\/\/museodorbigny.org\/index.php?rest_route=%2Fwp%2Fv2%2Fcomments&post=158"}],"version-history":[{"count":15,"href":"http:\/\/museodorbigny.org\/index.php?rest_route=\/wp\/v2\/pages\/158\/revisions"}],"predecessor-version":[{"id":1077,"href":"http:\/\/museodorbigny.org\/index.php?rest_route=\/wp\/v2\/pages\/158\/revisions\/1077"}],"wp:attachment":[{"href":"http:\/\/museodorbigny.org\/index.php?rest_route=%2Fwp%2Fv2%2Fmedia&parent=158"}],"curies":[{"name":"wp","href":"https:\/\/api.w.org\/{rel}","templated":true}]}}