{"id":162,"date":"2017-11-06T10:51:36","date_gmt":"2017-11-06T14:51:36","guid":{"rendered":"http:\/\/museodorbigny.org\/?page_id=162"},"modified":"2019-01-24T21:44:07","modified_gmt":"2019-01-25T01:44:07","slug":"colecciones","status":"publish","type":"page","link":"http:\/\/museodorbigny.org\/?page_id=162","title":{"rendered":"Colecciones"},"content":{"rendered":"<div class=\"fl-builder-content fl-builder-content-162\" data-post-id=\"162\"><div class=\"fl-row fl-row-fixed-width fl-row-bg-none fl-node-5c46769d82c9b\" data-node=\"5c46769d82c9b\">\n\t<div class=\"fl-row-content-wrap\">\n\t\t\t\t\t\t<div class=\"fl-row-content fl-row-fixed-width fl-node-content\">\n\t\t\n<div class=\"fl-col-group fl-node-5c467ddf8f89b\" data-node=\"5c467ddf8f89b\">\n\t\t\t<div class=\"fl-col fl-node-5c467ddf8fa1f\" data-node=\"5c467ddf8fa1f\">\n\t<div class=\"fl-col-content fl-node-content\">\n\t<div class=\"fl-module fl-module-rich-text fl-node-5c467db6a6ad6\" data-node=\"5c467db6a6ad6\">\n\t<div class=\"fl-module-content fl-node-content\">\n\t\t<div class=\"fl-rich-text\">\n\t<h2 style=\"text-align: center;\">NUESTRAS COLECCIONES Y AREAS DE TRABAJO<\/h2>\n<\/div>\n\t<\/div>\n<\/div>\n\t<\/div>\n<\/div>\n\t<\/div>\n\n<div class=\"fl-col-group fl-node-5c46769d82b74\" data-node=\"5c46769d82b74\">\n\t\t\t<div class=\"fl-col fl-node-5c4893bc09a24 fl-col-small\" data-node=\"5c4893bc09a24\">\n\t<div class=\"fl-col-content fl-node-content\">\n\t<div class=\"fl-module fl-module-callout fl-node-5c4676b095504\" data-node=\"5c4676b095504\">\n\t<div class=\"fl-module-content fl-node-content\">\n\t\t<div class=\"fl-callout fl-callout-center fl-callout-has-photo fl-callout-photo-above-title\">\n\t\t<div class=\"fl-callout-content\">\n\t\t<div class=\"fl-callout-photo\"><div class=\"fl-photo fl-photo-crop-square fl-photo-align-\" itemscope itemtype=\"https:\/\/schema.org\/ImageObject\">\n\t<div class=\"fl-photo-content fl-photo-img-jpg\">\n\t\t\t\t<a href=\"http:\/\/museodorbigny.org\/?page_id=717\" target=\"_self\" itemprop=\"url\">\n\t\t\t\t<img loading=\"lazy\" class=\"fl-photo-img wp-image-722 size-large\" src=\"http:\/\/museodorbigny.org\/wp-content\/uploads\/bb-plugin\/cache\/20190122_173803-576x1024-square.jpg\" alt=\"20190122_173803\" itemprop=\"image\" height=\"1024\" width=\"576\" title=\"20190122_173803\"  \/>\n\t\t\t\t<\/a>\n\t\t\t\t\t<\/div>\n\t<\/div>\n<\/div><h3 class=\"fl-callout-title\"><a href=\"http:\/\/museodorbigny.org\/?page_id=717\" target=\"_self\"  class=\"fl-callout-title-link fl-callout-title-text\"><span>Geolog\u00eda<\/span><\/a><\/h3>\t\t<div class=\"fl-callout-text-wrap\">\n\t\t\t<div class=\"fl-callout-text\"><p style=\"text-align: center;\">Tierra<\/p>\n<\/div>\t\t<\/div>\n\t<\/div>\n\t<\/div>\n\t<\/div>\n<\/div>\n\t<\/div>\n<\/div>\n\t\t\t<div class=\"fl-col fl-node-5c479e8c51000 fl-col-small\" data-node=\"5c479e8c51000\">\n\t<div class=\"fl-col-content fl-node-content\">\n\t<div class=\"fl-module fl-module-callout fl-node-5c46769d82c60\" data-node=\"5c46769d82c60\">\n\t<div class=\"fl-module-content fl-node-content\">\n\t\t<div class=\"fl-callout fl-callout-center fl-callout-has-photo fl-callout-photo-above-title\">\n\t\t<div class=\"fl-callout-content\">\n\t\t<div class=\"fl-callout-photo\"><div class=\"fl-photo fl-photo-crop-square fl-photo-align-\" itemscope itemtype=\"https:\/\/schema.org\/ImageObject\">\n\t<div class=\"fl-photo-content fl-photo-img-jpg\">\n\t\t\t\t<a href=\"http:\/\/museodorbigny.org\/?page_id=700\" target=\"_self\" itemprop=\"url\">\n\t\t\t\t<img loading=\"lazy\" class=\"fl-photo-img wp-image-345 size-full\" src=\"http:\/\/museodorbigny.org\/wp-content\/uploads\/bb-plugin\/cache\/Serpiente_Tiupampa-square.jpg\" alt=\"Serpiente f\u00f3sil. (Loc. Tiumpampa)\" itemprop=\"image\" height=\"1662\" width=\"2052\" title=\"Serpiente f\u00f3sil. (Loc. Tiumpampa)\"  \/>\n\t\t\t\t<\/a>\n\t\t\t\t\t<\/div>\n\t<\/div>\n<\/div><h3 class=\"fl-callout-title\"><a href=\"http:\/\/museodorbigny.org\/?page_id=700\" target=\"_self\"  class=\"fl-callout-title-link fl-callout-title-text\"><span>Paleontolog\u00eda<\/span><\/a><\/h3>\t\t<div class=\"fl-callout-text-wrap\">\n\t\t\t<div class=\"fl-callout-text\"><p style=\"text-align: center;\">F\u00f3siles<\/p>\n<\/div>\t\t<\/div>\n\t<\/div>\n\t<\/div>\n\t<\/div>\n<\/div>\n\t<\/div>\n<\/div>\n\t\t\t<div class=\"fl-col fl-node-5c479ea68576c fl-col-small\" data-node=\"5c479ea68576c\">\n\t<div class=\"fl-col-content fl-node-content\">\n\t<div class=\"fl-module fl-module-callout fl-node-5c4676d19b1fe\" data-node=\"5c4676d19b1fe\">\n\t<div class=\"fl-module-content fl-node-content\">\n\t\t<div class=\"fl-callout fl-callout-center fl-callout-has-photo fl-callout-photo-above-title\">\n\t\t<div class=\"fl-callout-content\">\n\t\t<div class=\"fl-callout-photo\"><div class=\"fl-photo fl-photo-crop-square fl-photo-align-\" itemscope itemtype=\"https:\/\/schema.org\/ImageObject\">\n\t<div class=\"fl-photo-content fl-photo-img-jpg\">\n\t\t\t\t<a href=\"http:\/\/museodorbigny.org\/?page_id=704\" target=\"_self\" itemprop=\"url\">\n\t\t\t\t<img loading=\"lazy\" class=\"fl-photo-img wp-image-753 size-full\" src=\"http:\/\/museodorbigny.org\/wp-content\/uploads\/bb-plugin\/cache\/gonzalo-rivero-Cerambicido-de-la-coleccion-del-museo-928x1024-square.jpg\" alt=\"(Cerambicido) - Foto: Gonzalo Rivero\" itemprop=\"image\" height=\"1024\" width=\"928\" title=\"Cerambicido coleccion MHNC- Foto: Gonzalo Rivero\"  \/>\n\t\t\t\t<\/a>\n\t\t\t\t\t<\/div>\n\t<\/div>\n<\/div><h3 class=\"fl-callout-title\"><a href=\"http:\/\/museodorbigny.org\/?page_id=704\" target=\"_self\"  class=\"fl-callout-title-link fl-callout-title-text\"><span>ENTOMOLOG\u00cdA<\/span><\/a><\/h3>\t\t<div class=\"fl-callout-text-wrap\">\n\t\t\t<div class=\"fl-callout-text\"><p style=\"text-align: center;\"><em>Insectos<\/em><\/p>\n<\/div>\t\t<\/div>\n\t<\/div>\n\t<\/div>\n\t<\/div>\n<\/div>\n\t<\/div>\n<\/div>\n\t\t\t<div class=\"fl-col fl-node-5c46769d82a63 fl-col-small\" data-node=\"5c46769d82a63\">\n\t<div class=\"fl-col-content fl-node-content\">\n\t<div class=\"fl-module fl-module-callout fl-node-5c46769d82afd\" data-node=\"5c46769d82afd\">\n\t<div class=\"fl-module-content fl-node-content\">\n\t\t<div class=\"fl-callout fl-callout-center fl-callout-has-photo fl-callout-photo-above-title\">\n\t\t<div class=\"fl-callout-content\">\n\t\t<div class=\"fl-callout-photo\"><div class=\"fl-photo fl-photo-crop-square fl-photo-align-\" itemscope itemtype=\"https:\/\/schema.org\/ImageObject\">\n\t<div class=\"fl-photo-content fl-photo-img-jpg\">\n\t\t\t\t<a href=\"http:\/\/museodorbigny.org\/?page_id=576\" target=\"_blank\" rel=\"noopener\"  itemprop=\"url\">\n\t\t\t\t<img loading=\"lazy\" class=\"fl-photo-img wp-image-629 size-full\" src=\"http:\/\/museodorbigny.org\/wp-content\/uploads\/bb-plugin\/cache\/MG_1513_resize-square.jpg\" alt=\"PTC_MG_1513\" itemprop=\"image\" height=\"1555\" width=\"1037\" title=\"PTC_MG_1513\"  \/>\n\t\t\t\t<\/a>\n\t\t\t\t\t<\/div>\n\t<\/div>\n<\/div><h3 class=\"fl-callout-title\"><a href=\"http:\/\/museodorbigny.org\/?page_id=576\" target=\"_blank\"  class=\"fl-callout-title-link fl-callout-title-text\"><span>HERPETOLOG\u00cdA<\/span><\/a><\/h3>\t\t<div class=\"fl-callout-text-wrap\">\n\t\t\t<div class=\"fl-callout-text\"><p style=\"text-align: center;\">Colecci\u00f3n de anfibios y reptiles.<\/p>\n<\/div>\t\t<\/div>\n\t<\/div>\n\t<\/div>\n\t<\/div>\n<\/div>\n\t<\/div>\n<\/div>\n\t<\/div>\n\t\t<\/div>\n\t<\/div>\n<\/div>\n<div class=\"fl-row fl-row-fixed-width fl-row-bg-none fl-node-5c4893f867604\" data-node=\"5c4893f867604\">\n\t<div class=\"fl-row-content-wrap\">\n\t\t\t\t\t\t<div class=\"fl-row-content fl-row-fixed-width fl-node-content\">\n\t\t\n<div class=\"fl-col-group fl-node-5c4893f867aba\" data-node=\"5c4893f867aba\">\n\t\t\t<div class=\"fl-col fl-node-5c4893f867b6d fl-col-small\" data-node=\"5c4893f867b6d\">\n\t<div class=\"fl-col-content fl-node-content\">\n\t\t<\/div>\n<\/div>\n\t\t\t<div class=\"fl-col fl-node-5c489404d1271 fl-col-small\" data-node=\"5c489404d1271\">\n\t<div class=\"fl-col-content fl-node-content\">\n\t<div class=\"fl-module fl-module-callout fl-node-5c4893f867d09\" data-node=\"5c4893f867d09\">\n\t<div class=\"fl-module-content fl-node-content\">\n\t\t<div class=\"fl-callout fl-callout-center fl-callout-has-photo fl-callout-photo-above-title\">\n\t\t<div class=\"fl-callout-content\">\n\t\t<div class=\"fl-callout-photo\"><div class=\"fl-photo fl-photo-crop-square fl-photo-align-\" itemscope itemtype=\"https:\/\/schema.org\/ImageObject\">\n\t<div class=\"fl-photo-content fl-photo-img-jpg\">\n\t\t\t\t<a href=\"http:\/\/museodorbigny.org\/?page_id=706\" target=\"_self\" itemprop=\"url\">\n\t\t\t\t<img loading=\"lazy\" class=\"fl-photo-img wp-image-633 size-full\" src=\"http:\/\/museodorbigny.org\/wp-content\/uploads\/bb-plugin\/cache\/Harpia-harpyja-square.jpg\" alt=\"Harpia harpyja\" itemprop=\"image\" height=\"1743\" width=\"2336\" title=\"Harpia harpyja\"  \/>\n\t\t\t\t<\/a>\n\t\t\t\t\t<\/div>\n\t<\/div>\n<\/div><h3 class=\"fl-callout-title\"><a href=\"http:\/\/museodorbigny.org\/?page_id=706\" target=\"_self\"  class=\"fl-callout-title-link fl-callout-title-text\"><span>ORNITOLOG\u00cdA<\/span><\/a><\/h3>\t\t<div class=\"fl-callout-text-wrap\">\n\t\t\t<div class=\"fl-callout-text\"><p style=\"text-align: center;\">Aves<\/p>\n<\/div>\t\t<\/div>\n\t<\/div>\n\t<\/div>\n\t<\/div>\n<\/div>\n\t<\/div>\n<\/div>\n\t\t\t<div class=\"fl-col fl-node-5c4895005b09f fl-col-small\" data-node=\"5c4895005b09f\">\n\t<div class=\"fl-col-content fl-node-content\">\n\t<div class=\"fl-module fl-module-callout fl-node-5c4893f867b32\" data-node=\"5c4893f867b32\">\n\t<div class=\"fl-module-content fl-node-content\">\n\t\t<div class=\"fl-callout fl-callout-center fl-callout-has-photo fl-callout-photo-above-title\">\n\t\t<div class=\"fl-callout-content\">\n\t\t<div class=\"fl-callout-photo\"><div class=\"fl-photo fl-photo-crop-square fl-photo-align-\" itemscope itemtype=\"https:\/\/schema.org\/ImageObject\">\n\t<div class=\"fl-photo-content fl-photo-img-jpg\">\n\t\t\t\t<a href=\"http:\/\/museodorbigny.org\/?page_id=708\" target=\"_self\" itemprop=\"url\">\n\t\t\t\t<img loading=\"lazy\" class=\"fl-photo-img wp-image-632 size-medium\" src=\"http:\/\/museodorbigny.org\/wp-content\/uploads\/bb-plugin\/cache\/machia-225x300-square.jpg\" alt=\"machia\" itemprop=\"image\" height=\"300\" width=\"225\" title=\"machia\"  \/>\n\t\t\t\t<\/a>\n\t\t\t\t\t<\/div>\n\t<\/div>\n<\/div><h3 class=\"fl-callout-title\"><a href=\"http:\/\/museodorbigny.org\/?page_id=708\" target=\"_self\"  class=\"fl-callout-title-link fl-callout-title-text\"><span>Mastozoolog\u00eda<\/span><\/a><\/h3>\t\t<div class=\"fl-callout-text-wrap\">\n\t\t\t<div class=\"fl-callout-text\"><p style=\"text-align: center;\">Mam\u00edferos<\/p>\n<\/div>\t\t<\/div>\n\t<\/div>\n\t<\/div>\n\t<\/div>\n<\/div>\n\t<\/div>\n<\/div>\n\t\t\t<div class=\"fl-col fl-node-5c4893f867be2 fl-col-small\" data-node=\"5c4893f867be2\">\n\t<div class=\"fl-col-content fl-node-content\">\n\t\t<\/div>\n<\/div>\n\t<\/div>\n\t\t<\/div>\n\t<\/div>\n<\/div>\n<\/div>","protected":false},"excerpt":{"rendered":"<p>NUESTRAS COLECCIONES Y AREAS DE TRABAJO Geolog\u00eda Tierra Paleontolog\u00eda F\u00f3siles ENTOMOLOG\u00cdA Insectos HERPETOLOG\u00cdA Colecci\u00f3n de anfibios y reptiles. ORNITOLOG\u00cdA Aves&hellip;<\/p>\n","protected":false},"author":1,"featured_media":0,"parent":0,"menu_order":0,"comment_status":"closed","ping_status":"closed","template":"","meta":[],"_links":{"self":[{"href":"http:\/\/museodorbigny.org\/index.php?rest_route=\/wp\/v2\/pages\/162"}],"collection":[{"href":"http:\/\/museodorbigny.org\/index.php?rest_route=\/wp\/v2\/pages"}],"about":[{"href":"http:\/\/museodorbigny.org\/index.php?rest_route=\/wp\/v2\/types\/page"}],"author":[{"embeddable":true,"href":"http:\/\/museodorbigny.org\/index.php?rest_route=\/wp\/v2\/users\/1"}],"replies":[{"embeddable":true,"href":"http:\/\/museodorbigny.org\/index.php?rest_route=%2Fwp%2Fv2%2Fcomments&post=162"}],"version-history":[{"count":21,"href":"http:\/\/museodorbigny.org\/index.php?rest_route=\/wp\/v2\/pages\/162\/revisions"}],"predecessor-version":[{"id":754,"href":"http:\/\/museodorbigny.org\/index.php?rest_route=\/wp\/v2\/pages\/162\/revisions\/754"}],"wp:attachment":[{"href":"http:\/\/museodorbigny.org\/index.php?rest_route=%2Fwp%2Fv2%2Fmedia&parent=162"}],"curies":[{"name":"wp","href":"https:\/\/api.w.org\/{rel}","templated":true}]}}