{"id":459,"date":"2018-03-05T13:57:58","date_gmt":"2018-03-05T17:57:58","guid":{"rendered":"http:\/\/museodorbigny.org\/?page_id=459"},"modified":"2019-04-04T17:30:58","modified_gmt":"2019-04-04T21:30:58","slug":"agenda-eventos-2","status":"publish","type":"page","link":"http:\/\/museodorbigny.org\/?page_id=459","title":{"rendered":"Agenda &#038; Eventos"},"content":{"rendered":"<div class=\"fl-builder-content fl-builder-content-459\" data-post-id=\"459\"><div class=\"fl-row fl-row-fixed-width fl-row-bg-none fl-node-5c46541cf0eed\" data-node=\"5c46541cf0eed\">\n\t<div class=\"fl-row-content-wrap\">\n\t\t\t\t\t\t<div class=\"fl-row-content fl-row-fixed-width fl-node-content\">\n\t\t\n<div class=\"fl-col-group fl-node-5c46541cf1240\" data-node=\"5c46541cf1240\">\n\t\t\t<div class=\"fl-col fl-node-5c46541cf127f fl-col-small\" data-node=\"5c46541cf127f\">\n\t<div class=\"fl-col-content fl-node-content\">\n\t<div class=\"fl-module fl-module-photo fl-node-5c46541cf12bb\" data-node=\"5c46541cf12bb\">\n\t<div class=\"fl-module-content fl-node-content\">\n\t\t<div class=\"fl-photo fl-photo-align-center\" itemscope itemtype=\"https:\/\/schema.org\/ImageObject\">\n\t<div class=\"fl-photo-content fl-photo-img-jpg\">\n\t\t\t\t<img loading=\"lazy\" class=\"fl-photo-img wp-image-605 size-full\" src=\"http:\/\/museodorbigny.org\/wp-content\/uploads\/2019\/01\/Logo-Museo-Global.jpg\" alt=\"Logo Museo-Global\" itemprop=\"image\" height=\"408\" width=\"387\" title=\"Logo Museo-Global\" srcset=\"http:\/\/museodorbigny.org\/wp-content\/uploads\/2019\/01\/Logo-Museo-Global.jpg 387w, http:\/\/museodorbigny.org\/wp-content\/uploads\/2019\/01\/Logo-Museo-Global-285x300.jpg 285w\" sizes=\"(max-width: 387px) 100vw, 387px\" \/>\n\t\t\t\t\t<\/div>\n\t<\/div>\n\t<\/div>\n<\/div>\n<div class=\"fl-module fl-module-cta fl-node-5c46541cf12f7\" data-node=\"5c46541cf12f7\">\n\t<div class=\"fl-module-content fl-node-content\">\n\t\t<div class=\"fl-cta-wrap fl-cta-inline\">\n\t<div class=\"fl-cta-text\">\n\t\t<h3 class=\"fl-cta-title\"><\/h3>\n\t\t<div class=\"fl-cta-text-content\"><\/div>\n\t<\/div>\n\t<div class=\"fl-cta-button\">\n\t\t<div class=\"fl-button-wrap fl-button-width-full\">\n\t\t\t<a href=\"http:\/\/museodorbigny.org\/?p=447\" target=\"_self\" class=\"fl-button\" role=\"button\">\n\t\t\t\t\t\t\t<span class=\"fl-button-text\">Quiero saber m\u00e1s<\/span>\n\t\t\t\t\t<\/a>\n<\/div>\n\t<\/div>\n<\/div>\n\t<\/div>\n<\/div>\n<div class=\"fl-module fl-module-cta fl-node-5c46541cf1333\" data-node=\"5c46541cf1333\">\n\t<div class=\"fl-module-content fl-node-content\">\n\t\t<div class=\"fl-cta-wrap fl-cta-inline\">\n\t<div class=\"fl-cta-text\">\n\t\t<h3 class=\"fl-cta-title\"><\/h3>\n\t\t<div class=\"fl-cta-text-content\"><\/div>\n\t<\/div>\n\t<div class=\"fl-cta-button\">\n\t\t<div class=\"fl-button-wrap fl-button-width-full\">\n\t\t\t<a href=\"https:\/\/www.globalwildlife.org\/2019\/1\/15\/romeo-oh-romeo\/\" target=\"_self\" class=\"fl-button\" role=\"button\">\n\t\t\t\t\t\t\t<span class=\"fl-button-text\">Ver Art\u00edculo Externo<\/span>\n\t\t\t\t\t<\/a>\n<\/div>\n\t<\/div>\n<\/div>\n\t<\/div>\n<\/div>\n\t<\/div>\n<\/div>\n\t\t\t<div class=\"fl-col fl-node-5c46541cf136e\" data-node=\"5c46541cf136e\">\n\t<div class=\"fl-col-content fl-node-content\">\n\t<div class=\"fl-module fl-module-rich-text fl-node-5c46541cf13a9\" data-node=\"5c46541cf13a9\">\n\t<div class=\"fl-module-content fl-node-content\">\n\t\t<div class=\"fl-rich-text\">\n\t<p><span style=\"color: #008000;\"><strong>Actualidad 2019<\/strong><\/span><\/p>\n<\/div>\n\t<\/div>\n<\/div>\n<div class=\"fl-module fl-module-rich-text fl-node-5c46541cf13e4\" data-node=\"5c46541cf13e4\">\n\t<div class=\"fl-module-content fl-node-content\">\n\t\t<div class=\"fl-rich-text\">\n\t<h5>\"Romeo\" - \u00bfQui\u00e9n es el <em>Telmatobius yuracare<\/em>\u00a0que se hizo un fen\u00f3meno en las redes sociales?<\/h5>\n<p>Han pasado m\u00e1s de 10 a\u00f1os desde que Romeo, la \u00faltima rana acu\u00e1tica de Sehuencas que se conoce, haya conocido el amor, pero la suerte de este soltero afortunado est\u00e1 a punto de cambiar dr\u00e1sticamente. En una reciente expedici\u00f3n a un bosque nublado de Bolivia, Global Wildlife Conservation y el Museo de Historia Natural Alcide d\u2019Orbigny redescubrieron la rana acu\u00e1tica de Sehuencas (<em>Telmatobius yuracare<\/em>) en la naturaleza y rescataron a cinco individuos para un programa de conservaci\u00f3n, tres machos y dos hembras: una joven rana y una Julieta para Romeo.<\/p>\n<\/div>\n\t<\/div>\n<\/div>\n\t<\/div>\n<\/div>\n\t<\/div>\n\n<div class=\"fl-col-group fl-node-5c46541cf141f\" data-node=\"5c46541cf141f\">\n\t\t\t<div class=\"fl-col fl-node-5c46541cf145a\" data-node=\"5c46541cf145a\">\n\t<div class=\"fl-col-content fl-node-content\">\n\t<div class=\"fl-module fl-module-pp-line-separator fl-node-5c46541cf1489\" data-node=\"5c46541cf1489\">\n\t<div class=\"fl-module-content fl-node-content\">\n\t\t<div class=\"pp-line-separator-wrap\">\n\t\t\t<div class=\"pp-line-separator-inner pp-line-only\">\n\t\t\t<span class=\"pp-line-separator pp-line-only\"><\/span>\n\t\t<\/div>\n\t\t\t<\/div>\n\t<\/div>\n<\/div>\n\t<\/div>\n<\/div>\n\t<\/div>\n\t\t<\/div>\n\t<\/div>\n<\/div>\n<div class=\"fl-row fl-row-fixed-width fl-row-bg-none fl-node-5a9d8353dfb69\" data-node=\"5a9d8353dfb69\">\n\t<div class=\"fl-row-content-wrap\">\n\t\t\t\t\t\t<div class=\"fl-row-content fl-row-fixed-width fl-node-content\">\n\t\t\n<div class=\"fl-col-group fl-node-5a9d83f9c45fd\" data-node=\"5a9d83f9c45fd\">\n\t\t\t<div class=\"fl-col fl-node-5a9d83f9c4738 fl-col-small\" data-node=\"5a9d83f9c4738\">\n\t<div class=\"fl-col-content fl-node-content\">\n\t<div class=\"fl-module fl-module-photo fl-node-5a9d8459b537a\" data-node=\"5a9d8459b537a\">\n\t<div class=\"fl-module-content fl-node-content\">\n\t\t<div class=\"fl-photo fl-photo-align-center\" itemscope itemtype=\"https:\/\/schema.org\/ImageObject\">\n\t<div class=\"fl-photo-content fl-photo-img-png\">\n\t\t\t\t<img loading=\"lazy\" class=\"fl-photo-img wp-image-354 size-medium\" src=\"http:\/\/museodorbigny.org\/wp-content\/uploads\/2017\/11\/logo-300x217.png\" alt=\"logo\" itemprop=\"image\" height=\"217\" width=\"300\" title=\"logo\" srcset=\"http:\/\/museodorbigny.org\/wp-content\/uploads\/2017\/11\/logo-300x217.png 300w, http:\/\/museodorbigny.org\/wp-content\/uploads\/2017\/11\/logo-768x555.png 768w, http:\/\/museodorbigny.org\/wp-content\/uploads\/2017\/11\/logo-1024x740.png 1024w, http:\/\/museodorbigny.org\/wp-content\/uploads\/2017\/11\/logo.png 1516w\" sizes=\"(max-width: 300px) 100vw, 300px\" \/>\n\t\t\t\t\t<\/div>\n\t<\/div>\n\t<\/div>\n<\/div>\n<div class=\"fl-module fl-module-cta fl-node-5a9d84747f362\" data-node=\"5a9d84747f362\">\n\t<div class=\"fl-module-content fl-node-content\">\n\t\t<div class=\"fl-cta-wrap fl-cta-inline\">\n\t<div class=\"fl-cta-text\">\n\t\t<h3 class=\"fl-cta-title\"><\/h3>\n\t\t<div class=\"fl-cta-text-content\"><\/div>\n\t<\/div>\n\t<div class=\"fl-cta-button\">\n\t\t<div class=\"fl-button-wrap fl-button-width-full\">\n\t\t\t<a href=\"https:\/\/www.facebook.com\/MUSEOdOrbigny\/photos\/a.10151486192863005\/10156715723743005\/?type=3&theater\" target=\"_self\" class=\"fl-button\" role=\"button\">\n\t\t\t\t\t\t\t<span class=\"fl-button-text\">Quiero saber m\u00e1s<\/span>\n\t\t\t\t\t<\/a>\n<\/div>\n\t<\/div>\n<\/div>\n\t<\/div>\n<\/div>\n<div class=\"fl-module fl-module-cta fl-node-5a9d84c295909\" data-node=\"5a9d84c295909\">\n\t<div class=\"fl-module-content fl-node-content\">\n\t\t<div class=\"fl-cta-wrap fl-cta-inline\">\n\t<div class=\"fl-cta-text\">\n\t\t<h3 class=\"fl-cta-title\"><\/h3>\n\t\t<div class=\"fl-cta-text-content\"><\/div>\n\t<\/div>\n\t<div class=\"fl-cta-button\">\n\t\t<div class=\"fl-button-wrap fl-button-width-full\">\n\t\t\t<a href=\"https:\/\/www.facebook.com\/MUSEOdOrbigny\/photos\/a.10151486192863005\/10156715723743005\/?type=3&theater\" target=\"_self\" class=\"fl-button\" role=\"button\">\n\t\t\t\t\t\t\t<span class=\"fl-button-text\">Ver Bolet\u00edn<\/span>\n\t\t\t\t\t<\/a>\n<\/div>\n\t<\/div>\n<\/div>\n\t<\/div>\n<\/div>\n\t<\/div>\n<\/div>\n\t\t\t<div class=\"fl-col fl-node-5a9d83f9c4779\" data-node=\"5a9d83f9c4779\">\n\t<div class=\"fl-col-content fl-node-content\">\n\t<div class=\"fl-module fl-module-rich-text fl-node-5a9d8b8eb9a6b\" data-node=\"5a9d8b8eb9a6b\">\n\t<div class=\"fl-module-content fl-node-content\">\n\t\t<div class=\"fl-rich-text\">\n\t<p><span style=\"color: #008000;\"><strong>Del 27 al 28 de Abril 2019<\/strong><\/span><\/p>\n<\/div>\n\t<\/div>\n<\/div>\n<div class=\"fl-module fl-module-rich-text fl-node-5a9d843eda289\" data-node=\"5a9d843eda289\">\n\t<div class=\"fl-module-content fl-node-content\">\n\t\t<div class=\"fl-rich-text\">\n\t<h5>Taller de Introducci\u00f3n a la Observaci\u00f3n de las Aves<\/h5>\n<p>Dirigido a: profesionales y estudiantes de las carreras de biolog\u00eda, medio ambiente, forestal y disciplinas afines. Miembros de organizaciones p\u00fablicas o privadas relacionadas con actividades sobre medio natural. Aficionados a naturaleza.<\/p>\n<p>Lugar: Museo de Historia Natural Alcide d'Orbigny<br \/>\nHorarios: 08:00 hasta 12:00 (medio d\u00eda).<\/p>\n<p>&nbsp;<\/p>\n<\/div>\n\t<\/div>\n<\/div>\n\t<\/div>\n<\/div>\n\t<\/div>\n\n<div class=\"fl-col-group fl-node-5a9d8de4c2e66\" data-node=\"5a9d8de4c2e66\">\n\t\t\t<div class=\"fl-col fl-node-5a9d8de4c2ffe\" data-node=\"5a9d8de4c2ffe\">\n\t<div class=\"fl-col-content fl-node-content\">\n\t<div class=\"fl-module fl-module-pp-line-separator fl-node-5a9d8db656380\" data-node=\"5a9d8db656380\">\n\t<div class=\"fl-module-content fl-node-content\">\n\t\t<div class=\"pp-line-separator-wrap\">\n\t\t\t<div class=\"pp-line-separator-inner pp-line-only\">\n\t\t\t<span class=\"pp-line-separator pp-line-only\"><\/span>\n\t\t<\/div>\n\t\t\t<\/div>\n\t<\/div>\n<\/div>\n\t<\/div>\n<\/div>\n\t<\/div>\n\t\t<\/div>\n\t<\/div>\n<\/div>\n<div class=\"fl-row fl-row-fixed-width fl-row-bg-none fl-node-5ca673e598878\" data-node=\"5ca673e598878\">\n\t<div class=\"fl-row-content-wrap\">\n\t\t\t\t\t\t<div class=\"fl-row-content fl-row-fixed-width fl-node-content\">\n\t\t\n<div class=\"fl-col-group fl-node-5ca673e598ad5\" data-node=\"5ca673e598ad5\">\n\t\t\t<div class=\"fl-col fl-node-5ca673e598b17 fl-col-small\" data-node=\"5ca673e598b17\">\n\t<div class=\"fl-col-content fl-node-content\">\n\t<div class=\"fl-module fl-module-photo fl-node-5ca673e598b53\" data-node=\"5ca673e598b53\">\n\t<div class=\"fl-module-content fl-node-content\">\n\t\t<div class=\"fl-photo fl-photo-align-center\" itemscope itemtype=\"https:\/\/schema.org\/ImageObject\">\n\t<div class=\"fl-photo-content fl-photo-img-jpg\">\n\t\t\t\t<img loading=\"lazy\" class=\"fl-photo-img wp-image-495 size-full\" src=\"http:\/\/museodorbigny.org\/wp-content\/uploads\/2018\/03\/Museo-nuevo-LOGO-verde.jpg\" alt=\"Museo nuevo LOGO verde\" itemprop=\"image\" height=\"596\" width=\"816\" title=\"Museo nuevo LOGO verde\" srcset=\"http:\/\/museodorbigny.org\/wp-content\/uploads\/2018\/03\/Museo-nuevo-LOGO-verde.jpg 816w, http:\/\/museodorbigny.org\/wp-content\/uploads\/2018\/03\/Museo-nuevo-LOGO-verde-300x219.jpg 300w, http:\/\/museodorbigny.org\/wp-content\/uploads\/2018\/03\/Museo-nuevo-LOGO-verde-768x561.jpg 768w\" sizes=\"(max-width: 816px) 100vw, 816px\" \/>\n\t\t\t\t\t<\/div>\n\t<\/div>\n\t<\/div>\n<\/div>\n<div class=\"fl-module fl-module-cta fl-node-5ca673e598b8f\" data-node=\"5ca673e598b8f\">\n\t<div class=\"fl-module-content fl-node-content\">\n\t\t<div class=\"fl-cta-wrap fl-cta-inline\">\n\t<div class=\"fl-cta-text\">\n\t\t<h3 class=\"fl-cta-title\"><\/h3>\n\t\t<div class=\"fl-cta-text-content\"><\/div>\n\t<\/div>\n\t<div class=\"fl-cta-button\">\n\t\t<div class=\"fl-button-wrap fl-button-width-full\">\n\t\t\t<a href=\"https:\/\/www.facebook.com\/events\/2028541707434509\/\" target=\"_self\" class=\"fl-button\" role=\"button\">\n\t\t\t\t\t\t\t<span class=\"fl-button-text\">Quiero saber m\u00e1s<\/span>\n\t\t\t\t\t<\/a>\n<\/div>\n\t<\/div>\n<\/div>\n\t<\/div>\n<\/div>\n<div class=\"fl-module fl-module-cta fl-node-5ca673e598bcc\" data-node=\"5ca673e598bcc\">\n\t<div class=\"fl-module-content fl-node-content\">\n\t\t<div class=\"fl-cta-wrap fl-cta-inline\">\n\t<div class=\"fl-cta-text\">\n\t\t<h3 class=\"fl-cta-title\"><\/h3>\n\t\t<div class=\"fl-cta-text-content\"><\/div>\n\t<\/div>\n\t<div class=\"fl-cta-button\">\n\t\t<div class=\"fl-button-wrap fl-button-width-full\">\n\t\t\t<a href=\"https:\/\/www.facebook.com\/MUSEOdOrbigny\/photos\/gm.2030572483898098\/10155789318038005\/?type=3&theater\" target=\"_self\" class=\"fl-button\" role=\"button\">\n\t\t\t\t\t\t\t<span class=\"fl-button-text\">Ver Bolet\u00edn<\/span>\n\t\t\t\t\t<\/a>\n<\/div>\n\t<\/div>\n<\/div>\n\t<\/div>\n<\/div>\n\t<\/div>\n<\/div>\n\t\t\t<div class=\"fl-col fl-node-5ca673e598c07\" data-node=\"5ca673e598c07\">\n\t<div class=\"fl-col-content fl-node-content\">\n\t<div class=\"fl-module fl-module-rich-text fl-node-5ca673e598c42\" data-node=\"5ca673e598c42\">\n\t<div class=\"fl-module-content fl-node-content\">\n\t\t<div class=\"fl-rich-text\">\n\t<p><span style=\"color: #008000;\"><strong>Del 7 al 15 de Abril 2018<\/strong><\/span><\/p>\n<\/div>\n\t<\/div>\n<\/div>\n<div class=\"fl-module fl-module-rich-text fl-node-5ca673e598c7d\" data-node=\"5ca673e598c7d\">\n\t<div class=\"fl-module-content fl-node-content\">\n\t\t<div class=\"fl-rich-text\">\n\t<h5>Curso de Conservaci\u00f3n de la Biodiversidad<\/h5>\n<p>Dirigido a: profesionales y estudiantes de las carreras de biolog\u00eda, ingenier\u00eda ambiental, ingenier\u00eda forestal, agronom\u00eda, planificaci\u00f3n del medio ambiente y ordenamiento territorial y disciplinas afines. Miembros de organizaciones p\u00fablicas o privadas relacionadas con la defensa del medio natural.<\/p>\n<p>Contenidos:<\/p>\n<p>- Biolog\u00eda de la conservaci\u00f3n: ecolog\u00eda, gen\u00e9tica y evoluci\u00f3n aplicadas a la protecci\u00f3n de la biodiversidad.<br \/>\n- Investigaci\u00f3n y gesti\u00f3n participativas.<br \/>\n- Herramientas para la planificaci\u00f3n de proyectos de conservaci\u00f3n.<br \/>\n- Huella ecol\u00f3gica<\/p>\n<\/div>\n\t<\/div>\n<\/div>\n\t<\/div>\n<\/div>\n\t<\/div>\n\n<div class=\"fl-col-group fl-node-5ca673e598cb8\" data-node=\"5ca673e598cb8\">\n\t\t\t<div class=\"fl-col fl-node-5ca673e598cf3\" data-node=\"5ca673e598cf3\">\n\t<div class=\"fl-col-content fl-node-content\">\n\t<div class=\"fl-module fl-module-pp-line-separator fl-node-5ca673e598d2e\" data-node=\"5ca673e598d2e\">\n\t<div class=\"fl-module-content fl-node-content\">\n\t\t<div class=\"pp-line-separator-wrap\">\n\t\t\t<div class=\"pp-line-separator-inner pp-line-only\">\n\t\t\t<span class=\"pp-line-separator pp-line-only\"><\/span>\n\t\t<\/div>\n\t\t\t<\/div>\n\t<\/div>\n<\/div>\n\t<\/div>\n<\/div>\n\t<\/div>\n\t\t<\/div>\n\t<\/div>\n<\/div>\n<div class=\"fl-row fl-row-fixed-width fl-row-bg-none fl-node-5a9d8a78c64d2\" data-node=\"5a9d8a78c64d2\">\n\t<div class=\"fl-row-content-wrap\">\n\t\t\t\t\t\t<div class=\"fl-row-content fl-row-fixed-width fl-node-content\">\n\t\t\n<div class=\"fl-col-group fl-node-5a9d8a78c6702\" data-node=\"5a9d8a78c6702\">\n\t\t\t<div class=\"fl-col fl-node-5a9d8a78c673b fl-col-small\" data-node=\"5a9d8a78c673b\">\n\t<div class=\"fl-col-content fl-node-content\">\n\t<div class=\"fl-module fl-module-photo fl-node-5a9d8a78c6773\" data-node=\"5a9d8a78c6773\">\n\t<div class=\"fl-module-content fl-node-content\">\n\t\t<div class=\"fl-photo fl-photo-align-center\" itemscope itemtype=\"https:\/\/schema.org\/ImageObject\">\n\t<div class=\"fl-photo-content fl-photo-img-jpg\">\n\t\t\t\t<img loading=\"lazy\" class=\"fl-photo-img wp-image-452 size-full\" src=\"http:\/\/museodorbigny.org\/wp-content\/uploads\/2018\/03\/Herpetologia01.jpg\" alt=\"Herpetologia01\" itemprop=\"image\" height=\"200\" width=\"200\" title=\"Herpetologia01\" srcset=\"http:\/\/museodorbigny.org\/wp-content\/uploads\/2018\/03\/Herpetologia01.jpg 200w, http:\/\/museodorbigny.org\/wp-content\/uploads\/2018\/03\/Herpetologia01-150x150.jpg 150w\" sizes=\"(max-width: 200px) 100vw, 200px\" \/>\n\t\t\t\t\t<\/div>\n\t<\/div>\n\t<\/div>\n<\/div>\n<div class=\"fl-module fl-module-cta fl-node-5a9d8a78c67b7\" data-node=\"5a9d8a78c67b7\">\n\t<div class=\"fl-module-content fl-node-content\">\n\t\t<div class=\"fl-cta-wrap fl-cta-inline\">\n\t<div class=\"fl-cta-text\">\n\t\t<h3 class=\"fl-cta-title\"><\/h3>\n\t\t<div class=\"fl-cta-text-content\"><\/div>\n\t<\/div>\n\t<div class=\"fl-cta-button\">\n\t\t<div class=\"fl-button-wrap fl-button-width-full\">\n\t\t\t<a href=\"https:\/\/www.facebook.com\/groups\/congresodeherpetologia2018\/\" target=\"_self\" class=\"fl-button\" role=\"button\">\n\t\t\t\t\t\t\t<span class=\"fl-button-text\">Ver Enlace<\/span>\n\t\t\t\t\t<\/a>\n<\/div>\n\t<\/div>\n<\/div>\n\t<\/div>\n<\/div>\n<div class=\"fl-module fl-module-cta fl-node-5a9d8a78c67ef\" data-node=\"5a9d8a78c67ef\">\n\t<div class=\"fl-module-content fl-node-content\">\n\t\t<div class=\"fl-cta-wrap fl-cta-inline\">\n\t<div class=\"fl-cta-text\">\n\t\t<h3 class=\"fl-cta-title\"><\/h3>\n\t\t<div class=\"fl-cta-text-content\"><\/div>\n\t<\/div>\n\t<div class=\"fl-cta-button\">\n\t\t<div class=\"fl-button-wrap fl-button-width-full\">\n\t\t\t<a href=\"https:\/\/lookaside.fbsbx.com\/file\/SEGUNDA%20CIRCULAR%20-%20ICBH.pdf?token=AWwt288ROQ8eMXfGQgBOUsQW_MWVF2610nhVZmFtxJgRfIUkzzKR9vpgOxE1GhJXhLYcPpAKaVM1yeSOHN9QFNL-YcJ-WwPLhfrm_Sm4GjfQ9l3pr4Qqc3Xsc1Jn9u-Gvg7hILVXGiy6MMWpsWqVRWruG8tEXL-pJgefBkLFERdDqg\" target=\"_self\" class=\"fl-button\" role=\"button\">\n\t\t\t\t\t\t\t<span class=\"fl-button-text\">Ver 2da. Circular<\/span>\n\t\t\t\t\t<\/a>\n<\/div>\n\t<\/div>\n<\/div>\n\t<\/div>\n<\/div>\n\t<\/div>\n<\/div>\n\t\t\t<div class=\"fl-col fl-node-5a9d8a78c6826\" data-node=\"5a9d8a78c6826\">\n\t<div class=\"fl-col-content fl-node-content\">\n\t<div class=\"fl-module fl-module-rich-text fl-node-5a9d8d8db98ff\" data-node=\"5a9d8d8db98ff\">\n\t<div class=\"fl-module-content fl-node-content\">\n\t\t<div class=\"fl-rich-text\">\n\t<p><span style=\"color: #008000;\"><strong>Octubre 2018<\/strong><\/span><\/p>\n<\/div>\n\t<\/div>\n<\/div>\n<div class=\"fl-module fl-module-rich-text fl-node-5a9d8a78c685e\" data-node=\"5a9d8a78c685e\">\n\t<div class=\"fl-module-content fl-node-content\">\n\t\t<div class=\"fl-rich-text\">\n\t<h5>I Congreso Boliviano de Herpetolog\u00eda<\/h5>\n<p>El Primer Congreso Boliviano de Herpetolog\u00eda se desarrollar\u00e1 en los meses de octubre y noviembre del presente a\u00f1o.<br \/>\nEste evento est\u00e1 siendo desarrollado por el \u00e1rea de herpetolog\u00eda de la Colecci\u00f3n Boliviana de Fauna (CBF), el Instituto de Ecolog\u00eda (IE) y el Museo Nacional de Historia Natural (MNHN) que se enorgullecen de comunicarles el lanzamiento de la segunda convocatoria del congreso con las siguientes novedades:<\/p>\n<p>*Formato de env\u00edo de res\u00famenes<br \/>\n*Inscripciones<br \/>\n*Convocatoria Concurso de Fotograf\u00eda<\/p>\n<\/div>\n\t<\/div>\n<\/div>\n\t<\/div>\n<\/div>\n\t<\/div>\n\t\t<\/div>\n\t<\/div>\n<\/div>\n<\/div>","protected":false},"excerpt":{"rendered":"<p>Quiero saber m\u00e1s Ver Art\u00edculo Externo Actualidad 2019 \u00abRomeo\u00bb &#8211; \u00bfQui\u00e9n es el Telmatobius yuracare\u00a0que se hizo un fen\u00f3meno en&hellip;<\/p>\n","protected":false},"author":1,"featured_media":0,"parent":0,"menu_order":0,"comment_status":"closed","ping_status":"closed","template":"","meta":[],"_links":{"self":[{"href":"http:\/\/museodorbigny.org\/index.php?rest_route=\/wp\/v2\/pages\/459"}],"collection":[{"href":"http:\/\/museodorbigny.org\/index.php?rest_route=\/wp\/v2\/pages"}],"about":[{"href":"http:\/\/museodorbigny.org\/index.php?rest_route=\/wp\/v2\/types\/page"}],"author":[{"embeddable":true,"href":"http:\/\/museodorbigny.org\/index.php?rest_route=\/wp\/v2\/users\/1"}],"replies":[{"embeddable":true,"href":"http:\/\/museodorbigny.org\/index.php?rest_route=%2Fwp%2Fv2%2Fcomments&post=459"}],"version-history":[{"count":13,"href":"http:\/\/museodorbigny.org\/index.php?rest_route=\/wp\/v2\/pages\/459\/revisions"}],"predecessor-version":[{"id":937,"href":"http:\/\/museodorbigny.org\/index.php?rest_route=\/wp\/v2\/pages\/459\/revisions\/937"}],"wp:attachment":[{"href":"http:\/\/museodorbigny.org\/index.php?rest_route=%2Fwp%2Fv2%2Fmedia&parent=459"}],"curies":[{"name":"wp","href":"https:\/\/api.w.org\/{rel}","templated":true}]}}