{"id":700,"date":"2019-01-23T09:46:18","date_gmt":"2019-01-23T13:46:18","guid":{"rendered":"http:\/\/museodorbigny.org\/?page_id=700"},"modified":"2020-05-05T21:20:02","modified_gmt":"2020-05-06T01:20:02","slug":"paleontologia","status":"publish","type":"page","link":"http:\/\/museodorbigny.org\/?page_id=700","title":{"rendered":"Paleontologia"},"content":{"rendered":"<div class=\"fl-builder-content fl-builder-content-700\" data-post-id=\"700\"><div class=\"fl-row fl-row-fixed-width fl-row-bg-none fl-node-5eb0ab83d2fcb\" data-node=\"5eb0ab83d2fcb\">\n\t<div class=\"fl-row-content-wrap\">\n\t\t\t\t\t\t<div class=\"fl-row-content fl-row-fixed-width fl-node-content\">\n\t\t\n<div class=\"fl-col-group fl-node-5eb0ab83dcbf0\" data-node=\"5eb0ab83dcbf0\">\n\t\t\t<div class=\"fl-col fl-node-5eb0ab83dcd35\" data-node=\"5eb0ab83dcd35\">\n\t<div class=\"fl-col-content fl-node-content\">\n\t<div class=\"fl-module fl-module-callout fl-node-5c48702a39c5e\" data-node=\"5c48702a39c5e\">\n\t<div class=\"fl-module-content fl-node-content\">\n\t\t<div class=\"fl-callout fl-callout-left fl-callout-has-photo fl-callout-photo-above-title\">\n\t\t<div class=\"fl-callout-content\">\n\t\t<div class=\"fl-callout-photo\"><div class=\"fl-photo fl-photo-align-\" itemscope itemtype=\"https:\/\/schema.org\/ImageObject\">\n\t<div class=\"fl-photo-content fl-photo-img-jpg\">\n\t\t\t\t<a href=\"http:\/\/museodorbigny.org\/wp-content\/uploads\/2020\/05\/Ruta-de-los-dinosaurios-en-Bolivia-small.pdf\" target=\"_blank\" rel=\"noopener\"  itemprop=\"url\">\n\t\t\t\t<img loading=\"lazy\" class=\"fl-photo-img wp-image-1019 size-large\" src=\"http:\/\/museodorbigny.org\/wp-content\/uploads\/2020\/05\/LibroDino_resize-777x1024.jpg\" alt=\"Ruta de migraci\u00f3n de los Dinosaurios en Bolivia.\" itemprop=\"image\" height=\"907\" width=\"688\" title=\"Ruta de los Dinosaurios en Bolivia\" srcset=\"http:\/\/museodorbigny.org\/wp-content\/uploads\/2020\/05\/LibroDino_resize-777x1024.jpg 777w, http:\/\/museodorbigny.org\/wp-content\/uploads\/2020\/05\/LibroDino_resize-228x300.jpg 228w, http:\/\/museodorbigny.org\/wp-content\/uploads\/2020\/05\/LibroDino_resize-768x1012.jpg 768w, http:\/\/museodorbigny.org\/wp-content\/uploads\/2020\/05\/LibroDino_resize.jpg 1300w\" sizes=\"(max-width: 688px) 100vw, 688px\" \/>\n\t\t\t\t<\/a>\n\t\t\t\t\t<\/div>\n\t<\/div>\n<\/div><h3 class=\"fl-callout-title\"><a href=\"http:\/\/museodorbigny.org\/wp-content\/uploads\/2020\/05\/Ruta-de-los-dinosaurios-en-Bolivia-small.pdf\" target=\"_blank\"  class=\"fl-callout-title-link fl-callout-title-text\"><span>Ruta de los Dinosaurios en Bolivia<\/span><\/a><\/h3>\t\t<div class=\"fl-callout-text-wrap\">\n\t\t\t<div class=\"fl-callout-text\"><p>Importante libro que a\u00f1ade valor y conocimiento a las nuevas generaciones. Por su importancia relevante sobre los dinosaurios.<\/p>\n<\/div><a href=\"http:\/\/museodorbigny.org\/wp-content\/uploads\/2020\/05\/Ruta-de-los-dinosaurios-en-Bolivia-small.pdf\"  target=\"_blank\" class=\"fl-callout-cta-link\"><\/a>\t\t<\/div>\n\t<\/div>\n\t<\/div>\n\t<\/div>\n<\/div>\n\t<\/div>\n<\/div>\n\t<\/div>\n\t\t<\/div>\n\t<\/div>\n<\/div>\n<div class=\"fl-row fl-row-full-width fl-row-bg-none fl-node-5c48702a39ca0\" data-node=\"5c48702a39ca0\">\n\t<div class=\"fl-row-content-wrap\">\n\t\t\t\t\t\t<div class=\"fl-row-content fl-row-fixed-width fl-node-content\">\n\t\t\n<div class=\"fl-col-group fl-node-5c48702a39cdf\" data-node=\"5c48702a39cdf\">\n\t\t\t<div class=\"fl-col fl-node-5c48702a39d1b fl-col-small\" data-node=\"5c48702a39d1b\">\n\t<div class=\"fl-col-content fl-node-content\">\n\t<div class=\"fl-module fl-module-rich-text fl-node-5c48702a39d91\" data-node=\"5c48702a39d91\">\n\t<div class=\"fl-module-content fl-node-content\">\n\t\t<div class=\"fl-rich-text\">\n\t<h3>\u00c1rea Paleontolog\u00eda<\/h3>\n<p>Importante colecci\u00f3n del Museo una de sus piezas m\u00e1s representativas se encuentra en exhibici\u00f3n permanente en el museo.<br \/>\nNo dejes de visitarla.<\/p>\n<p><strong>Colecci\u00f3n<\/strong><\/p>\n<p>La colecci\u00f3n de f\u00f3siles en el departamento de Paleontolog\u00eda del Museo de Historia Natural Alcide d\u2019Orbigny comprende ejemplares de un valor para la ciencia muy importante.<\/p>\n<\/div>\n\t<\/div>\n<\/div>\n\t<\/div>\n<\/div>\n\t\t\t<div class=\"fl-col fl-node-5c48702a39d56 fl-col-small\" data-node=\"5c48702a39d56\">\n\t<div class=\"fl-col-content fl-node-content\">\n\t<div class=\"fl-module fl-module-photo fl-node-5c48702a39dcc\" data-node=\"5c48702a39dcc\">\n\t<div class=\"fl-module-content fl-node-content\">\n\t\t<div class=\"fl-photo fl-photo-align-center\" itemscope itemtype=\"https:\/\/schema.org\/ImageObject\">\n\t<div class=\"fl-photo-content fl-photo-img-jpg\">\n\t\t\t\t<img loading=\"lazy\" class=\"fl-photo-img wp-image-1017 size-full\" src=\"http:\/\/museodorbigny.org\/wp-content\/uploads\/2020\/05\/MG_2161_resize.jpg\" alt=\"F\u00f3sil 001\" itemprop=\"image\" height=\"500\" width=\"334\" title=\"F\u00f3sil 001\" srcset=\"http:\/\/museodorbigny.org\/wp-content\/uploads\/2020\/05\/MG_2161_resize.jpg 334w, http:\/\/museodorbigny.org\/wp-content\/uploads\/2020\/05\/MG_2161_resize-200x300.jpg 200w\" sizes=\"(max-width: 334px) 100vw, 334px\" \/>\n\t\t\t\t\t<\/div>\n\t\t<div class=\"fl-photo-caption fl-photo-caption-below\" itemprop=\"caption\"><\/div>\n\t<\/div>\n\t<\/div>\n<\/div>\n\t<\/div>\n<\/div>\n\t<\/div>\n\t\t<\/div>\n\t<\/div>\n<\/div>\n<div id=\"expect\" class=\"fl-row fl-row-full-width fl-row-bg-none fl-node-5c48702a39b32\" data-node=\"5c48702a39b32\">\n\t<div class=\"fl-row-content-wrap\">\n\t\t\t\t\t\t<div class=\"fl-row-content fl-row-fixed-width fl-node-content\">\n\t\t\n<div class=\"fl-col-group fl-node-5c48702a39ef3\" data-node=\"5c48702a39ef3\">\n\t\t\t<div class=\"fl-col fl-node-5c48702a39f22\" data-node=\"5c48702a39f22\">\n\t<div class=\"fl-col-content fl-node-content\">\n\t<div class=\"fl-module fl-module-rich-text fl-node-5c48702a39f6e\" data-node=\"5c48702a39f6e\">\n\t<div class=\"fl-module-content fl-node-content\">\n\t\t<div class=\"fl-rich-text\">\n\t<h3 style=\"text-align: center;\"><span style=\"font-size: 26px;\">PROYECTOS Y PROMOCI\u00d3N<\/span><\/h3>\n<\/div>\n\t<\/div>\n<\/div>\n\t<\/div>\n<\/div>\n\t<\/div>\n\n<div class=\"fl-col-group fl-node-5c48702a39b6f\" data-node=\"5c48702a39b6f\">\n\t\t\t<div class=\"fl-col fl-node-5c48702a39be7 fl-col-small\" data-node=\"5c48702a39be7\">\n\t<div class=\"fl-col-content fl-node-content\">\n\t<div class=\"fl-module fl-module-callout fl-node-5eb0ab782c12a\" data-node=\"5eb0ab782c12a\">\n\t<div class=\"fl-module-content fl-node-content\">\n\t\t<div class=\"fl-callout fl-callout-left fl-callout-has-photo fl-callout-photo-above-title\">\n\t\t<div class=\"fl-callout-content\">\n\t\t<div class=\"fl-callout-photo\"><div class=\"fl-photo fl-photo-align-\" itemscope itemtype=\"https:\/\/schema.org\/ImageObject\">\n\t<div class=\"fl-photo-content fl-photo-img-jpg\">\n\t\t\t\t<a href=\"http:\/\/museodorbigny.org\/wp-content\/uploads\/2020\/05\/Ruta-de-los-dinosaurios-en-Bolivia-small.pdf\" target=\"_blank\" rel=\"noopener\"  itemprop=\"url\">\n\t\t\t\t<img loading=\"lazy\" class=\"fl-photo-img wp-image-1019 size-large\" src=\"http:\/\/museodorbigny.org\/wp-content\/uploads\/2020\/05\/LibroDino_resize-777x1024.jpg\" alt=\"Ruta de migraci\u00f3n de los Dinosaurios en Bolivia.\" itemprop=\"image\" height=\"907\" width=\"688\" title=\"Ruta de los Dinosaurios en Bolivia\" srcset=\"http:\/\/museodorbigny.org\/wp-content\/uploads\/2020\/05\/LibroDino_resize-777x1024.jpg 777w, http:\/\/museodorbigny.org\/wp-content\/uploads\/2020\/05\/LibroDino_resize-228x300.jpg 228w, http:\/\/museodorbigny.org\/wp-content\/uploads\/2020\/05\/LibroDino_resize-768x1012.jpg 768w, http:\/\/museodorbigny.org\/wp-content\/uploads\/2020\/05\/LibroDino_resize.jpg 1300w\" sizes=\"(max-width: 688px) 100vw, 688px\" \/>\n\t\t\t\t<\/a>\n\t\t\t\t\t<\/div>\n\t<\/div>\n<\/div><h3 class=\"fl-callout-title\"><a href=\"http:\/\/museodorbigny.org\/wp-content\/uploads\/2020\/05\/Ruta-de-los-dinosaurios-en-Bolivia-small.pdf\" target=\"_blank\"  class=\"fl-callout-title-link fl-callout-title-text\"><span>Ruta de los Dinosaurios en Bolivia<\/span><\/a><\/h3>\t\t<div class=\"fl-callout-text-wrap\">\n\t\t\t<div class=\"fl-callout-text\"><p>Importante libro que a\u00f1ade valor y conocimiento a las nuevas generaciones. Por su importancia relevante sobre los dinosaurios.<\/p>\n<\/div><a href=\"http:\/\/museodorbigny.org\/wp-content\/uploads\/2020\/05\/Ruta-de-los-dinosaurios-en-Bolivia-small.pdf\"  target=\"_blank\" class=\"fl-callout-cta-link\"><\/a>\t\t<\/div>\n\t<\/div>\n\t<\/div>\n\t<\/div>\n<\/div>\n\t<\/div>\n<\/div>\n\t\t\t<div class=\"fl-col fl-node-5c48702a39bab fl-col-small\" data-node=\"5c48702a39bab\">\n\t<div class=\"fl-col-content fl-node-content\">\n\t<div class=\"fl-module fl-module-callout fl-node-5c48702a39c22\" data-node=\"5c48702a39c22\">\n\t<div class=\"fl-module-content fl-node-content\">\n\t\t<div class=\"fl-callout fl-callout-left fl-callout-has-photo fl-callout-photo-above-title\">\n\t\t<div class=\"fl-callout-content\">\n\t\t<div class=\"fl-callout-photo\"><div class=\"fl-photo fl-photo-align-\" itemscope itemtype=\"https:\/\/schema.org\/ImageObject\">\n\t<div class=\"fl-photo-content fl-photo-img-jpg\">\n\t\t\t\t<a href=\"http:\/\/museodorbigny.org\/?page_id=665\" target=\"_self\" itemprop=\"url\">\n\t\t\t\t<img loading=\"lazy\" class=\"fl-photo-img wp-image-1021 size-full\" src=\"http:\/\/museodorbigny.org\/wp-content\/uploads\/2020\/05\/MG_2155_resize.jpg\" alt=\"Sacabambaspis janvieri\" itemprop=\"image\" height=\"334\" width=\"500\" title=\"Sacabambaspis janvieri\" srcset=\"http:\/\/museodorbigny.org\/wp-content\/uploads\/2020\/05\/MG_2155_resize.jpg 500w, http:\/\/museodorbigny.org\/wp-content\/uploads\/2020\/05\/MG_2155_resize-300x200.jpg 300w\" sizes=\"(max-width: 500px) 100vw, 500px\" \/>\n\t\t\t\t<\/a>\n\t\t\t\t\t<\/div>\n\t<\/div>\n<\/div><h3 class=\"fl-callout-title\"><a href=\"http:\/\/museodorbigny.org\/?page_id=665\" target=\"_self\"  class=\"fl-callout-title-link fl-callout-title-text\"><span>Exposici\u00f3n permanente de F\u00f3siles<\/span><\/a><\/h3>\t\t<div class=\"fl-callout-text-wrap\">\n\t\t\t<div class=\"fl-callout-text\"><p>Importante muestra f\u00f3sil \u00fanica en Sudamerica.<br \/>\nSi quieres saber m\u00e1s vis\u00edtanos o pregunta en contacto.<\/p>\n<\/div><a href=\"http:\/\/museodorbigny.org\/?page_id=665\"  target=\"_self\" class=\"fl-callout-cta-link\"><\/a>\t\t<\/div>\n\t<\/div>\n\t<\/div>\n\t<\/div>\n<\/div>\n\t<\/div>\n<\/div>\n\t<\/div>\n\t\t<\/div>\n\t<\/div>\n<\/div>\n<\/div>","protected":false},"excerpt":{"rendered":"<p>Ruta de los Dinosaurios en Bolivia Importante libro que a\u00f1ade valor y conocimiento a las nuevas generaciones. Por su importancia&hellip;<\/p>\n","protected":false},"author":1,"featured_media":0,"parent":0,"menu_order":0,"comment_status":"closed","ping_status":"closed","template":"","meta":[],"_links":{"self":[{"href":"http:\/\/museodorbigny.org\/index.php?rest_route=\/wp\/v2\/pages\/700"}],"collection":[{"href":"http:\/\/museodorbigny.org\/index.php?rest_route=\/wp\/v2\/pages"}],"about":[{"href":"http:\/\/museodorbigny.org\/index.php?rest_route=\/wp\/v2\/types\/page"}],"author":[{"embeddable":true,"href":"http:\/\/museodorbigny.org\/index.php?rest_route=\/wp\/v2\/users\/1"}],"replies":[{"embeddable":true,"href":"http:\/\/museodorbigny.org\/index.php?rest_route=%2Fwp%2Fv2%2Fcomments&post=700"}],"version-history":[{"count":5,"href":"http:\/\/museodorbigny.org\/index.php?rest_route=\/wp\/v2\/pages\/700\/revisions"}],"predecessor-version":[{"id":1029,"href":"http:\/\/museodorbigny.org\/index.php?rest_route=\/wp\/v2\/pages\/700\/revisions\/1029"}],"wp:attachment":[{"href":"http:\/\/museodorbigny.org\/index.php?rest_route=%2Fwp%2Fv2%2Fmedia&parent=700"}],"curies":[{"name":"wp","href":"https:\/\/api.w.org\/{rel}","templated":true}]}}