{"id":708,"date":"2019-01-23T09:55:00","date_gmt":"2019-01-23T13:55:00","guid":{"rendered":"http:\/\/museodorbigny.org\/?page_id=708"},"modified":"2019-05-28T16:45:44","modified_gmt":"2019-05-28T20:45:44","slug":"mastozoologia-2","status":"publish","type":"page","link":"http:\/\/museodorbigny.org\/?page_id=708","title":{"rendered":"Mastozoolog\u00eda"},"content":{"rendered":"<div class=\"fl-builder-content fl-builder-content-708\" data-post-id=\"708\"><div class=\"fl-row fl-row-full-width fl-row-bg-none fl-node-5c487234e8b41\" data-node=\"5c487234e8b41\">\n\t<div class=\"fl-row-content-wrap\">\n\t\t\t\t\t\t<div class=\"fl-row-content fl-row-fixed-width fl-node-content\">\n\t\t\n<div class=\"fl-col-group fl-node-5c487234e8b7d\" data-node=\"5c487234e8b7d\">\n\t\t\t<div class=\"fl-col fl-node-5c487234e8bb8 fl-col-small\" data-node=\"5c487234e8bb8\">\n\t<div class=\"fl-col-content fl-node-content\">\n\t<div class=\"fl-module fl-module-rich-text fl-node-5c487234e8c2a\" data-node=\"5c487234e8c2a\">\n\t<div class=\"fl-module-content fl-node-content\">\n\t\t<div class=\"fl-rich-text\">\n\t<h3>\u00c1rea Mastozoolog\u00eda<\/h3>\n<p>La mastozoolog\u00eda es una rama de la zoolog\u00eda que estudia a los animales vertebrados conocidos como mam\u00edferos. Los mam\u00edferos se diferencian de otros vertebrados por tener pelos, gl\u00e1ndulas que secretan sustancias como la leche y junto a otras caracter\u00edsticas se los separa de aves, reptiles y peces.<\/p>\n<p>El \u00e1rea de mastozoolog\u00eda desarrolla investigaci\u00f3n cient\u00edfica en temas ecol\u00f3gicos, taxon\u00f3micos, de conservaci\u00f3n y otros referidos a mam\u00edferos. En convenio con otras instituciones en el marco de apoyo y difusi\u00f3n del conocimiento tambi\u00e9n se desarrolla actividades educativas, de esparcimiento para la conservaci\u00f3n de mam\u00edferos. Por otra parte tambi\u00e9n realizamos estudios m\u00e1s espec\u00edficos que relacionan a mam\u00edferos como reservorios de enfermedades zoon\u00f3ticas o en aspectos relacionados al manejo de algunas especies por parte de poblaciones humanas.<\/p>\n<\/div>\n\t<\/div>\n<\/div>\n\t<\/div>\n<\/div>\n\t\t\t<div class=\"fl-col fl-node-5c487234e8bf6 fl-col-small\" data-node=\"5c487234e8bf6\">\n\t<div class=\"fl-col-content fl-node-content\">\n\t<div class=\"fl-module fl-module-photo fl-node-5c487234e8c65\" data-node=\"5c487234e8c65\">\n\t<div class=\"fl-module-content fl-node-content\">\n\t\t<div class=\"fl-photo fl-photo-align-center\" itemscope itemtype=\"https:\/\/schema.org\/ImageObject\">\n\t<div class=\"fl-photo-content fl-photo-img-jpg\">\n\t\t\t\t<img loading=\"lazy\" class=\"fl-photo-img wp-image-956 size-full\" src=\"http:\/\/museodorbigny.org\/wp-content\/uploads\/2019\/05\/Format-1st-Photo-Masto-Web-2.jpg\" alt=\"(Puma concolor) - Foto: Julia Quiroga\" itemprop=\"image\" height=\"1280\" width=\"853\" title=\"Photo by Julia Quiroga\" srcset=\"http:\/\/museodorbigny.org\/wp-content\/uploads\/2019\/05\/Format-1st-Photo-Masto-Web-2.jpg 853w, http:\/\/museodorbigny.org\/wp-content\/uploads\/2019\/05\/Format-1st-Photo-Masto-Web-2-200x300.jpg 200w, http:\/\/museodorbigny.org\/wp-content\/uploads\/2019\/05\/Format-1st-Photo-Masto-Web-2-768x1152.jpg 768w, http:\/\/museodorbigny.org\/wp-content\/uploads\/2019\/05\/Format-1st-Photo-Masto-Web-2-682x1024.jpg 682w\" sizes=\"(max-width: 853px) 100vw, 853px\" \/>\n\t\t\t\t\t<\/div>\n\t\t<div class=\"fl-photo-caption fl-photo-caption-below\" itemprop=\"caption\">(Puma concolor) - Foto: Julia Quiroga<\/div>\n\t<\/div>\n\t<\/div>\n<\/div>\n\t<\/div>\n<\/div>\n\t<\/div>\n\t\t<\/div>\n\t<\/div>\n<\/div>\n<div id=\"expect\" class=\"fl-row fl-row-full-width fl-row-bg-none fl-node-5c487234e89dd\" data-node=\"5c487234e89dd\">\n\t<div class=\"fl-row-content-wrap\">\n\t\t\t\t\t\t<div class=\"fl-row-content fl-row-fixed-width fl-node-content\">\n\t\t\n<div class=\"fl-col-group fl-node-5c487234e8d8d\" data-node=\"5c487234e8d8d\">\n\t\t\t<div class=\"fl-col fl-node-5c487234e8dc8\" data-node=\"5c487234e8dc8\">\n\t<div class=\"fl-col-content fl-node-content\">\n\t<div class=\"fl-module fl-module-rich-text fl-node-5c487234e8e02\" data-node=\"5c487234e8e02\">\n\t<div class=\"fl-module-content fl-node-content\">\n\t\t<div class=\"fl-rich-text\">\n\t<h3 style=\"text-align: center;\"><span style=\"font-size: 26px;\">PROYECTOS EN EJECUCI\u00d3N<\/span><\/h3>\n<\/div>\n\t<\/div>\n<\/div>\n\t<\/div>\n<\/div>\n\t<\/div>\n\n<div class=\"fl-col-group fl-node-5c487234e8a19\" data-node=\"5c487234e8a19\">\n\t\t\t<div class=\"fl-col fl-node-5c487234e8a90 fl-col-small\" data-node=\"5c487234e8a90\">\n\t<div class=\"fl-col-content fl-node-content\">\n\t<div class=\"fl-module fl-module-callout fl-node-5c487234e8b06\" data-node=\"5c487234e8b06\">\n\t<div class=\"fl-module-content fl-node-content\">\n\t\t<div class=\"fl-callout fl-callout-left fl-callout-has-photo fl-callout-photo-above-title\">\n\t\t<div class=\"fl-callout-content\">\n\t\t<div class=\"fl-callout-photo\"><div class=\"fl-photo fl-photo-align-\" itemscope itemtype=\"https:\/\/schema.org\/ImageObject\">\n\t<div class=\"fl-photo-content fl-photo-img-jpg\">\n\t\t\t\t<a href=\"#\" target=\"_blank\" rel=\"noopener\"  itemprop=\"url\">\n\t\t\t\t<img loading=\"lazy\" class=\"fl-photo-img wp-image-957 size-full\" src=\"http:\/\/museodorbigny.org\/wp-content\/uploads\/2019\/05\/Format-2nd-Photo-Masto-Web-2.jpg\" alt=\"(Puma concolor) - Foto: Ximena Velez L.\" itemprop=\"image\" height=\"260\" width=\"400\" title=\"Photo by Ximena Velez L.\" srcset=\"http:\/\/museodorbigny.org\/wp-content\/uploads\/2019\/05\/Format-2nd-Photo-Masto-Web-2.jpg 400w, http:\/\/museodorbigny.org\/wp-content\/uploads\/2019\/05\/Format-2nd-Photo-Masto-Web-2-300x195.jpg 300w\" sizes=\"(max-width: 400px) 100vw, 400px\" \/>\n\t\t\t\t<\/a>\n\t\t\t\t\t<\/div>\n\t<\/div>\n<\/div><h3 class=\"fl-callout-title\"><a href=\"#\" target=\"_blank\"  class=\"fl-callout-title-link fl-callout-title-text\"><span>Proyecto \"Oso Andino en bosque seco de Bolivia\"<\/span><\/a><\/h3>\t\t<div class=\"fl-callout-text-wrap\">\n\t\t\t<div class=\"fl-callout-text\"><p>El Proyecto \"El Oso Andino en el bosque seco de Bolivia\" tiene como principal objetivo es registrar la presencia del oso y determinar patrones de su distribuci\u00f3n en el \u00c1rea Natural Municipal de Manejo Integrado Lagarpampa-Mollepampa, un lugar hasta el momento no est\u00e1 considerado parte de la distribuci\u00f3n potencial de la especie. (Fotograf\u00eda Lagarpampa - Mollepampa)<\/p>\n<\/div><a href=\"#\"  target=\"_blank\" class=\"fl-callout-cta-link\"><\/a>\t\t<\/div>\n\t<\/div>\n\t<\/div>\n\t<\/div>\n<\/div>\n\t<\/div>\n<\/div>\n\t\t\t<div class=\"fl-col fl-node-5c487234e8a55 fl-col-small\" data-node=\"5c487234e8a55\">\n\t<div class=\"fl-col-content fl-node-content\">\n\t<div class=\"fl-module fl-module-callout fl-node-5c487234e8acb\" data-node=\"5c487234e8acb\">\n\t<div class=\"fl-module-content fl-node-content\">\n\t\t<div class=\"fl-callout fl-callout-left fl-callout-has-photo fl-callout-photo-above-title\">\n\t\t<div class=\"fl-callout-content\">\n\t\t<div class=\"fl-callout-photo\"><div class=\"fl-photo fl-photo-align-\" itemscope itemtype=\"https:\/\/schema.org\/ImageObject\">\n\t<div class=\"fl-photo-content fl-photo-img-jpg\">\n\t\t\t\t<img loading=\"lazy\" class=\"fl-photo-img wp-image-975 size-full\" src=\"http:\/\/museodorbigny.org\/wp-content\/uploads\/2019\/05\/Format-3nd-Photo-Masto-Web.jpg\" alt=\"(Sphaeronycteris toxophyllum) - Foto: Lizzette Siles\" itemprop=\"image\" height=\"260\" width=\"400\" title=\"Photo by Lizzette Siles\" srcset=\"http:\/\/museodorbigny.org\/wp-content\/uploads\/2019\/05\/Format-3nd-Photo-Masto-Web.jpg 400w, http:\/\/museodorbigny.org\/wp-content\/uploads\/2019\/05\/Format-3nd-Photo-Masto-Web-300x195.jpg 300w\" sizes=\"(max-width: 400px) 100vw, 400px\" \/>\n\t\t\t\t\t<\/div>\n\t<\/div>\n<\/div><h3 class=\"fl-callout-title\"><span class=\"fl-callout-title-text\">Murci\u00e9lagos de Bolivia<\/span><\/h3>\t\t<div class=\"fl-callout-text-wrap\">\n\t\t\t<div class=\"fl-callout-text\"><p>Se trabaj\u00f3 en muchos lugares y h\u00e1bitats de Bolivia conociendo que especies de murci\u00e9lagos existen y trabajando con las comunidades locales intercambiando informaci\u00f3n e incentivando la conservaci\u00f3n de estos beneficiosos mam\u00edferos voladores (Fotograf\u00eda Murci\u00e9lagos de Bolivia).<\/p>\n<\/div><a href=\"\"  target=\"_self\" class=\"fl-callout-cta-link\"><\/a>\t\t<\/div>\n\t<\/div>\n\t<\/div>\n\t<\/div>\n<\/div>\n\t<\/div>\n<\/div>\n\t<\/div>\n\n<div class=\"fl-col-group fl-node-5ce457df7116c\" data-node=\"5ce457df7116c\">\n\t\t\t<div class=\"fl-col fl-node-5ce457df712e2 fl-col-small\" data-node=\"5ce457df712e2\">\n\t<div class=\"fl-col-content fl-node-content\">\n\t<div class=\"fl-module fl-module-callout fl-node-5ce457d62c5ab\" data-node=\"5ce457d62c5ab\">\n\t<div class=\"fl-module-content fl-node-content\">\n\t\t<div class=\"fl-callout fl-callout-left fl-callout-has-photo fl-callout-photo-above-title\">\n\t\t<div class=\"fl-callout-content\">\n\t\t<div class=\"fl-callout-photo\"><div class=\"fl-photo fl-photo-align-\" itemscope itemtype=\"https:\/\/schema.org\/ImageObject\">\n\t<div class=\"fl-photo-content fl-photo-img-jpg\">\n\t\t\t\t<a href=\"http:\/\/museodorbigny.org\/?page_id=665\" target=\"_self\" itemprop=\"url\">\n\t\t\t\t<img loading=\"lazy\" class=\"fl-photo-img wp-image-550 size-full\" src=\"http:\/\/museodorbigny.org\/wp-content\/uploads\/2018\/07\/Logofondo-new.jpg\" alt=\"Logofondo new\" itemprop=\"image\" height=\"486\" width=\"864\" title=\"Logofondo new\" srcset=\"http:\/\/museodorbigny.org\/wp-content\/uploads\/2018\/07\/Logofondo-new.jpg 864w, http:\/\/museodorbigny.org\/wp-content\/uploads\/2018\/07\/Logofondo-new-300x169.jpg 300w, http:\/\/museodorbigny.org\/wp-content\/uploads\/2018\/07\/Logofondo-new-768x432.jpg 768w\" sizes=\"(max-width: 864px) 100vw, 864px\" \/>\n\t\t\t\t<\/a>\n\t\t\t\t\t<\/div>\n\t<\/div>\n<\/div><h3 class=\"fl-callout-title\"><a href=\"http:\/\/museodorbigny.org\/?page_id=665\" target=\"_self\"  class=\"fl-callout-title-link fl-callout-title-text\"><span>Conservaci\u00f3n de la Chinchilla en Bolivia<\/span><\/a><\/h3>\t\t<div class=\"fl-callout-text-wrap\">\n\t\t\t<div class=\"fl-callout-text\"><p>Nuestro objetivo es conocer m\u00e1s acerca de esta especie para poder realizar acciones de conservaci\u00f3n. Esta especie fue redescubierta gracias al trabajo del guardaparque Eliseo Delgado de la Reserva Nacional de Fauna Eduardo Avaroa y lo que esperamos es unir a instituciones para continuar con el trabajo de conocimiento de esta especie y su h\u00e1bitat. (Fotograf\u00eda Chinchilla 1 o 2)<\/p>\n<\/div><a href=\"http:\/\/museodorbigny.org\/?page_id=665\"  target=\"_self\" class=\"fl-callout-cta-link\"><\/a>\t\t<\/div>\n\t<\/div>\n\t<\/div>\n\t<\/div>\n<\/div>\n\t<\/div>\n<\/div>\n\t\t\t<div class=\"fl-col fl-node-5ce457edac4d5 fl-col-small\" data-node=\"5ce457edac4d5\">\n\t<div class=\"fl-col-content fl-node-content\">\n\t<div class=\"fl-module fl-module-callout fl-node-5ce457e7631d8\" data-node=\"5ce457e7631d8\">\n\t<div class=\"fl-module-content fl-node-content\">\n\t\t<div class=\"fl-callout fl-callout-left fl-callout-has-photo fl-callout-photo-above-title\">\n\t\t<div class=\"fl-callout-content\">\n\t\t<div class=\"fl-callout-photo\"><div class=\"fl-photo fl-photo-align-\" itemscope itemtype=\"https:\/\/schema.org\/ImageObject\">\n\t<div class=\"fl-photo-content fl-photo-img-jpg\">\n\t\t\t\t<img loading=\"lazy\" class=\"fl-photo-img wp-image-977 size-full\" src=\"http:\/\/museodorbigny.org\/wp-content\/uploads\/2019\/05\/Format-4nd-Photo-Masto-Web.jpg\" alt=\"Equipo de Trabajo Laboratorio - Foto: MHNC\" itemprop=\"image\" height=\"260\" width=\"400\" title=\"Photo by MHNC\" srcset=\"http:\/\/museodorbigny.org\/wp-content\/uploads\/2019\/05\/Format-4nd-Photo-Masto-Web.jpg 400w, http:\/\/museodorbigny.org\/wp-content\/uploads\/2019\/05\/Format-4nd-Photo-Masto-Web-300x195.jpg 300w\" sizes=\"(max-width: 400px) 100vw, 400px\" \/>\n\t\t\t\t\t<\/div>\n\t<\/div>\n<\/div><h3 class=\"fl-callout-title\"><span class=\"fl-callout-title-text\">Construyendo el Macroscopio de la Biodiversidad en Bolivia:<\/span><\/h3>\t\t<div class=\"fl-callout-text-wrap\">\n\t\t\t<div class=\"fl-callout-text\"><p>Una red de investigaci\u00f3n colaborativa (Bolivia \u2013 Argentina) para los c\u00f3digos de barra gen\u00e9tico (foto BARCODE proyecto).<br \/>\nConocer a trav\u00e9s de los c\u00f3digos de barra gen\u00e9ticos las especies presentes en Bolivia depositadas en la Colecci\u00f3n Cient\u00edfica y colaborar con informaci\u00f3n al inventario mundial que realiza el Barcoding of the Life (el link puede ser al BARCODE http:\/\/www.boldsystems.org)<\/p>\n<\/div><a href=\"\"  target=\"_blank\" class=\"fl-callout-cta-link\"><\/a>\t\t<\/div>\n\t<\/div>\n\t<\/div>\n\t<\/div>\n<\/div>\n\t<\/div>\n<\/div>\n\t<\/div>\n\t\t<\/div>\n\t<\/div>\n<\/div>\n<div class=\"fl-row fl-row-fixed-width fl-row-bg-none fl-node-5c487234e8961\" data-node=\"5c487234e8961\">\n\t<div class=\"fl-row-content-wrap\">\n\t\t\t\t\t\t<div class=\"fl-row-content fl-row-fixed-width fl-node-content\">\n\t\t\n<div class=\"fl-col-group fl-node-5c487234e904e\" data-node=\"5c487234e904e\">\n\t\t\t<div class=\"fl-col fl-node-5c487234e9089\" data-node=\"5c487234e9089\">\n\t<div class=\"fl-col-content fl-node-content\">\n\t<div class=\"fl-module fl-module-rich-text fl-node-5c487234e9012\" data-node=\"5c487234e9012\">\n\t<div class=\"fl-module-content fl-node-content\">\n\t\t<div class=\"fl-rich-text\">\n\t<h3 style=\"text-align: center;\"><span style=\"font-size: 26px;\">ESPECIES DE INVESTIGACI\u00d3N<\/span><\/h3>\n<\/div>\n\t<\/div>\n<\/div>\n\t<\/div>\n<\/div>\n\t<\/div>\n\n<div class=\"fl-col-group fl-node-5c487234e89a0\" data-node=\"5c487234e89a0\">\n\t\t\t<div class=\"fl-col fl-node-5c487234e929d fl-col-small\" data-node=\"5c487234e929d\">\n\t<div class=\"fl-col-content fl-node-content\">\n\t<div class=\"fl-module fl-module-callout fl-node-5c487234e9262\" data-node=\"5c487234e9262\">\n\t<div class=\"fl-module-content fl-node-content\">\n\t\t<div class=\"fl-callout fl-callout-left fl-callout-has-photo fl-callout-photo-above-title\">\n\t\t<div class=\"fl-callout-content\">\n\t\t<div class=\"fl-callout-photo\"><div class=\"fl-photo fl-photo-crop-square fl-photo-align-\" itemscope itemtype=\"https:\/\/schema.org\/ImageObject\">\n\t<div class=\"fl-photo-content fl-photo-img-jpg\">\n\t\t\t\t<img loading=\"lazy\" class=\"fl-photo-img wp-image-979 size-medium\" src=\"http:\/\/museodorbigny.org\/wp-content\/uploads\/bb-plugin\/cache\/Vrotondas-300x300-square.jpg\" alt=\"(C. rotundus) -  Foto: Lizzete Siles\" itemprop=\"image\" height=\"300\" width=\"300\" title=\"C.rotundus - Photo Lizzete Siles\"  \/>\n\t\t\t\t\t<\/div>\n\t<\/div>\n<\/div><h4 class=\"fl-callout-title\"><span class=\"fl-callout-title-text\">Foto: Lizzette Siles<\/span><\/h4>\t\t<div class=\"fl-callout-text-wrap\">\n\t\t\t<div class=\"fl-callout-text\"><h5 style=\"text-align: center;\"><span style=\"font-size: 18px; color: #999999;\">Vampiro<br \/>\n<\/span><em>D.rotondus<br \/>\n<\/em><\/h5>\n<\/div>\t\t<\/div>\n\t<\/div>\n\t<\/div>\n\t<\/div>\n<\/div>\n\t<\/div>\n<\/div>\n\t\t\t<div class=\"fl-col fl-node-5c487234e92d8 fl-col-small\" data-node=\"5c487234e92d8\">\n\t<div class=\"fl-col-content fl-node-content\">\n\t<div class=\"fl-module fl-module-callout fl-node-5c487234e8fdc\" data-node=\"5c487234e8fdc\">\n\t<div class=\"fl-module-content fl-node-content\">\n\t\t<div class=\"fl-callout fl-callout-left fl-callout-has-photo fl-callout-photo-above-title\">\n\t\t<div class=\"fl-callout-content\">\n\t\t<div class=\"fl-callout-photo\"><div class=\"fl-photo fl-photo-crop-square fl-photo-align-\" itemscope itemtype=\"https:\/\/schema.org\/ImageObject\">\n\t<div class=\"fl-photo-content fl-photo-img-jpg\">\n\t\t\t\t<img loading=\"lazy\" class=\"fl-photo-img wp-image-980 size-full\" src=\"http:\/\/museodorbigny.org\/wp-content\/uploads\/bb-plugin\/cache\/Vpusilla-square.jpg\" alt=\"(v. Pusilla) -  Foto: Lizzete Siles\" itemprop=\"image\" height=\"866\" width=\"866\" title=\"(V. pusilla) -  Foto: Lizzete Siles\"  \/>\n\t\t\t\t\t<\/div>\n\t<\/div>\n<\/div><h4 class=\"fl-callout-title\"><span class=\"fl-callout-title-text\">Foto: Lizzette Siles<\/span><\/h4>\t\t<div class=\"fl-callout-text-wrap\">\n\t\t\t<div class=\"fl-callout-text\"><h5 style=\"text-align: center;\"><span style=\"font-size: 18px; color: #999999;\">V. pusilla<br \/>\n<\/span><em>V. pusilla<\/em><\/h5>\n<\/div>\t\t<\/div>\n\t<\/div>\n\t<\/div>\n\t<\/div>\n<\/div>\n\t<\/div>\n<\/div>\n\t\t\t<div class=\"fl-col fl-node-5c487234e9227 fl-col-small\" data-node=\"5c487234e9227\">\n\t<div class=\"fl-col-content fl-node-content\">\n\t<div class=\"fl-module fl-module-callout fl-node-5c487234e91ec\" data-node=\"5c487234e91ec\">\n\t<div class=\"fl-module-content fl-node-content\">\n\t\t<div class=\"fl-callout fl-callout-left fl-callout-has-photo fl-callout-photo-above-title\">\n\t\t<div class=\"fl-callout-content\">\n\t\t<div class=\"fl-callout-photo\"><div class=\"fl-photo fl-photo-crop-square fl-photo-align-\" itemscope itemtype=\"https:\/\/schema.org\/ImageObject\">\n\t<div class=\"fl-photo-content fl-photo-img-jpg\">\n\t\t\t\t<img loading=\"lazy\" class=\"fl-photo-img wp-image-981 size-full\" src=\"http:\/\/museodorbigny.org\/wp-content\/uploads\/bb-plugin\/cache\/PLanirostis-mod-square.jpg\" alt=\"(Planirostis mod) -  Foto: Lizzete Siles\" itemprop=\"image\" height=\"866\" width=\"866\" title=\"(Planirostis mod) -  Foto: Lizzete Siles\"  \/>\n\t\t\t\t\t<\/div>\n\t<\/div>\n<\/div><h4 class=\"fl-callout-title\"><span class=\"fl-callout-title-text\">Foto: Lizzette Siles<\/span><\/h4>\t\t<div class=\"fl-callout-text-wrap\">\n\t\t\t<div class=\"fl-callout-text\"><h5 style=\"text-align: center;\"><span style=\"font-size: 18px; color: #999999;\">Planirostis mod<br \/>\n<\/span><em>Planirostis mod<br \/>\n<\/em><\/h5>\n<\/div>\t\t<\/div>\n\t<\/div>\n\t<\/div>\n\t<\/div>\n<\/div>\n\t<\/div>\n<\/div>\n\t<\/div>\n\t\t<\/div>\n\t<\/div>\n<\/div>\n<div class=\"fl-row fl-row-fixed-width fl-row-bg-none fl-node-5c487234e8f29\" data-node=\"5c487234e8f29\">\n\t<div class=\"fl-row-content-wrap\">\n\t\t\t\t\t\t<div class=\"fl-row-content fl-row-fixed-width fl-node-content\">\n\t\t\n<div class=\"fl-col-group fl-node-5c487234e8f64\" data-node=\"5c487234e8f64\">\n\t\t\t<div class=\"fl-col fl-node-5c487234e8f9f fl-col-small\" data-node=\"5c487234e8f9f\">\n\t<div class=\"fl-col-content fl-node-content\">\n\t<div class=\"fl-module fl-module-callout fl-node-5c487234e91b1\" data-node=\"5c487234e91b1\">\n\t<div class=\"fl-module-content fl-node-content\">\n\t\t<div class=\"fl-callout fl-callout-left fl-callout-has-photo fl-callout-photo-above-title\">\n\t\t<div class=\"fl-callout-content\">\n\t\t<div class=\"fl-callout-photo\"><div class=\"fl-photo fl-photo-crop-square fl-photo-align-\" itemscope itemtype=\"https:\/\/schema.org\/ImageObject\">\n\t<div class=\"fl-photo-content fl-photo-img-jpg\">\n\t\t\t\t<img loading=\"lazy\" class=\"fl-photo-img wp-image-982 size-full\" src=\"http:\/\/museodorbigny.org\/wp-content\/uploads\/bb-plugin\/cache\/Mmontanus-mod\u00e7-square.jpg\" alt=\"(M. montanus mod) -  Foto: Lizzete Siles\" itemprop=\"image\" height=\"866\" width=\"866\" title=\"(M. montanus mod) -  Foto: Lizzete Siles\"  \/>\n\t\t\t\t\t<\/div>\n\t<\/div>\n<\/div><h4 class=\"fl-callout-title\"><span class=\"fl-callout-title-text\">Foto:  Lizzette Siles<\/span><\/h4>\t\t<div class=\"fl-callout-text-wrap\">\n\t\t\t<div class=\"fl-callout-text\"><h5 style=\"text-align: center;\"><span style=\"font-size: 18px; color: #999999;\">M montanus mod<br \/>\n<\/span><em>M montanus mod<br \/>\n<\/em><\/h5>\n<\/div>\t\t<\/div>\n\t<\/div>\n\t<\/div>\n\t<\/div>\n<\/div>\n\t<\/div>\n<\/div>\n\t\t\t<div class=\"fl-col fl-node-5c487234e913b fl-col-small\" data-node=\"5c487234e913b\">\n\t<div class=\"fl-col-content fl-node-content\">\n\t<div class=\"fl-module fl-module-callout fl-node-5c487234e9100\" data-node=\"5c487234e9100\">\n\t<div class=\"fl-module-content fl-node-content\">\n\t\t<div class=\"fl-callout fl-callout-left fl-callout-has-photo fl-callout-photo-above-title\">\n\t\t<div class=\"fl-callout-content\">\n\t\t<div class=\"fl-callout-photo\"><div class=\"fl-photo fl-photo-crop-square fl-photo-align-\" itemscope itemtype=\"https:\/\/schema.org\/ImageObject\">\n\t<div class=\"fl-photo-content fl-photo-img-jpg\">\n\t\t\t\t<img loading=\"lazy\" class=\"fl-photo-img wp-image-983 size-full\" src=\"http:\/\/museodorbigny.org\/wp-content\/uploads\/bb-plugin\/cache\/lillium-square.jpg\" alt=\"(Lillium) -  Foto: Lizzete Siles\" itemprop=\"image\" height=\"866\" width=\"866\" title=\"(Lillium) -  Foto: Lizzete Siles\"  \/>\n\t\t\t\t\t<\/div>\n\t<\/div>\n<\/div><h4 class=\"fl-callout-title\"><span class=\"fl-callout-title-text\">Foto:  Lizzette Siles<\/span><\/h4>\t\t<div class=\"fl-callout-text-wrap\">\n\t\t\t<div class=\"fl-callout-text\"><h5 style=\"text-align: center;\"><span style=\"font-size: 18px; color: #999999;\">Lillium<br \/>\n<\/span><em>Lillium<br \/>\n<\/em><\/h5>\n<\/div>\t\t<\/div>\n\t<\/div>\n\t<\/div>\n\t<\/div>\n<\/div>\n\t<\/div>\n<\/div>\n\t\t\t<div class=\"fl-col fl-node-5ced9d48ed8f2 fl-col-small\" data-node=\"5ced9d48ed8f2\">\n\t<div class=\"fl-col-content fl-node-content\">\n\t<div class=\"fl-module fl-module-callout fl-node-5ced9d421eaed\" data-node=\"5ced9d421eaed\">\n\t<div class=\"fl-module-content fl-node-content\">\n\t\t<div class=\"fl-callout fl-callout-left fl-callout-has-photo fl-callout-photo-above-title\">\n\t\t<div class=\"fl-callout-content\">\n\t\t<div class=\"fl-callout-photo\"><div class=\"fl-photo fl-photo-crop-square fl-photo-align-\" itemscope itemtype=\"https:\/\/schema.org\/ImageObject\">\n\t<div class=\"fl-photo-content fl-photo-img-jpg\">\n\t\t\t\t<img loading=\"lazy\" class=\"fl-photo-img wp-image-984 size-full\" src=\"http:\/\/museodorbigny.org\/wp-content\/uploads\/bb-plugin\/cache\/Brasiliensis-square.jpg\" alt=\"(Brasilensis) -  Foto: Lizzete Siles\" itemprop=\"image\" height=\"866\" width=\"866\" title=\"(Brasilensis) -  Foto: Lizzete Siles\"  \/>\n\t\t\t\t\t<\/div>\n\t<\/div>\n<\/div><h4 class=\"fl-callout-title\"><span class=\"fl-callout-title-text\">Foto:  Lizzette Siles<\/span><\/h4>\t\t<div class=\"fl-callout-text-wrap\">\n\t\t\t<div class=\"fl-callout-text\"><h5 style=\"text-align: center;\"><span style=\"font-size: 18px; color: #999999;\">Brasilensis<br \/>\n<\/span><em>Brasilensis<br \/>\n<\/em><\/h5>\n<\/div>\t\t<\/div>\n\t<\/div>\n\t<\/div>\n\t<\/div>\n<\/div>\n\t<\/div>\n<\/div>\n\t<\/div>\n\t\t<\/div>\n\t<\/div>\n<\/div>\n<div class=\"fl-row fl-row-fixed-width fl-row-bg-none fl-node-5c487234e8e3d\" data-node=\"5c487234e8e3d\">\n\t<div class=\"fl-row-content-wrap\">\n\t\t\t\t\t\t<div class=\"fl-row-content fl-row-fixed-width fl-node-content\">\n\t\t\n<div class=\"fl-col-group fl-node-5c487234e8e78\" data-node=\"5c487234e8e78\">\n\t\t\t<div class=\"fl-col fl-node-5c487234e8eb3\" data-node=\"5c487234e8eb3\">\n\t<div class=\"fl-col-content fl-node-content\">\n\t<div class=\"fl-module fl-module-rich-text fl-node-5c487234e8eee\" data-node=\"5c487234e8eee\">\n\t<div class=\"fl-module-content fl-node-content\">\n\t\t<div class=\"fl-rich-text\">\n\t<hr \/>\n<p><strong>Jefe de \u00c1rea:<\/strong> <span style=\"color: #008000;\"><strong>Marisol Hidalgo Cossio<\/strong><\/span><br \/>\nemail: <strong>masto@museodorbigny.org<\/strong><\/p>\n<hr \/>\n<p><strong>Coordinadores Colecciones:<br \/>\n<\/strong><span style=\"color: #008000;\">Marisol Hidalgo Cossio (Especialista en peque\u00f1os mam\u00edferos).<\/span><br \/>\n<span style=\"color: #008000;\"> Lizette Siles (Especialista en Murci\u00e9lagos).<\/span><\/p>\n<p><strong>Investigadores Adscritos:<br \/>\n<\/strong><span style=\"color: #008000;\">Ximena Velez Liendo.\u00a0<\/span><br \/>\n<span style=\"color: #008000;\">Erika Cuellar.\u00a0<\/span><br \/>\n<span style=\"color: #008000;\">Lizette Siles.<br \/>\nCarmen Julia Quiroga.<br \/>\nKatrin Barbosa.<br \/>\nSilvana Bustamante.<br \/>\nRomeo Rojas.<br \/>\nCarla Vargas.<br \/>\nWitney Monje.<br \/>\nTeodoro Camacho.<br \/>\nGabriela Garrido.<\/span><\/p>\n<hr \/>\n<p><strong>Tesistas<\/strong><\/p>\n<ul>\n<li><span style=\"color: #008000;\">Alejandra Amusquivar<\/span>: <em>\u201cAbundacia, Estructura poblacional y Organizacion social de la Vicu\u00f1a (Camelidae: Vicugna vicugna) en la Regi\u00f3n de Altamachi (Cochabamba - Bolivia)<\/em><\/li>\n<li><span style=\"color: #008000;\">Gabriela Huayta:<\/span> <em>\u201cModelamiento de ocupancia del Quirquincho Andino (Chaetophratus vellerosus) en base a variables de paisaje en tres provinicas del Departamento de Oruro - Bolivia.\u00a0<\/em><\/li>\n<li><span style=\"color: #008000;\">Oriana Prado:<\/span> \u201c<em>Ocupancia del Gato Montes (Leopardus geoffroyi) en el \u00e1rea Natural de manejo Integrado Lagarpampa - Mollepampa, Aiquile Cochabamba - Bolivia.<\/em><\/li>\n<\/ul>\n<p>&nbsp;<\/p>\n<\/div>\n\t<\/div>\n<\/div>\n\t<\/div>\n<\/div>\n\t<\/div>\n\t\t<\/div>\n\t<\/div>\n<\/div>\n<div class=\"fl-row fl-row-full-width fl-row-bg-none fl-node-5c487234e8cdb\" data-node=\"5c487234e8cdb\">\n\t<div class=\"fl-row-content-wrap\">\n\t\t\t\t\t\t<div class=\"fl-row-content fl-row-full-width fl-node-content\">\n\t\t\n<div class=\"fl-col-group fl-node-5c487234e8d16\" data-node=\"5c487234e8d16\">\n\t\t\t<div class=\"fl-col fl-node-5c487234e8d52\" data-node=\"5c487234e8d52\">\n\t<div class=\"fl-col-content fl-node-content\">\n\t<div class=\"fl-module fl-module-cta fl-node-5c487234e8ca0\" data-node=\"5c487234e8ca0\">\n\t<div class=\"fl-module-content fl-node-content\">\n\t\t<div class=\"fl-cta-wrap fl-cta-inline\">\n\t<div class=\"fl-cta-text\">\n\t\t<h3 class=\"fl-cta-title\">Next Steps...<\/h3>\n\t\t<div class=\"fl-cta-text-content\"><p>This is should be a prospective customer's number one call to action, e.g., requesting a quote or perusing your product catalog.<\/p>\n<\/div>\n\t<\/div>\n\t<div class=\"fl-cta-button\">\n\t\t<div class=\"fl-button-wrap fl-button-width-full\">\n\t\t\t<a href=\"\" target=\"_self\" class=\"fl-button\" role=\"button\">\n\t\t\t\t\t\t\t<span class=\"fl-button-text\">Call to Action<\/span>\n\t\t\t\t\t<\/a>\n<\/div>\n\t<\/div>\n<\/div>\n\t<\/div>\n<\/div>\n\t<\/div>\n<\/div>\n\t<\/div>\n\t\t<\/div>\n\t<\/div>\n<\/div>\n<\/div>","protected":false},"excerpt":{"rendered":"<p>\u00c1rea Mastozoolog\u00eda La mastozoolog\u00eda es una rama de la zoolog\u00eda que estudia a los animales vertebrados conocidos como mam\u00edferos. Los&hellip;<\/p>\n","protected":false},"author":1,"featured_media":0,"parent":0,"menu_order":0,"comment_status":"closed","ping_status":"closed","template":"","meta":[],"_links":{"self":[{"href":"http:\/\/museodorbigny.org\/index.php?rest_route=\/wp\/v2\/pages\/708"}],"collection":[{"href":"http:\/\/museodorbigny.org\/index.php?rest_route=\/wp\/v2\/pages"}],"about":[{"href":"http:\/\/museodorbigny.org\/index.php?rest_route=\/wp\/v2\/types\/page"}],"author":[{"embeddable":true,"href":"http:\/\/museodorbigny.org\/index.php?rest_route=\/wp\/v2\/users\/1"}],"replies":[{"embeddable":true,"href":"http:\/\/museodorbigny.org\/index.php?rest_route=%2Fwp%2Fv2%2Fcomments&post=708"}],"version-history":[{"count":9,"href":"http:\/\/museodorbigny.org\/index.php?rest_route=\/wp\/v2\/pages\/708\/revisions"}],"predecessor-version":[{"id":1001,"href":"http:\/\/museodorbigny.org\/index.php?rest_route=\/wp\/v2\/pages\/708\/revisions\/1001"}],"wp:attachment":[{"href":"http:\/\/museodorbigny.org\/index.php?rest_route=%2Fwp%2Fv2%2Fmedia&parent=708"}],"curies":[{"name":"wp","href":"https:\/\/api.w.org\/{rel}","templated":true}]}}